{"id":31,"date":"2018-06-14T22:36:11","date_gmt":"2018-06-14T20:36:11","guid":{"rendered":"http:\/\/citronnature.fr\/?page_id=31"},"modified":"2025-04-16T19:02:28","modified_gmt":"2025-04-16T17:02:28","slug":"philosophie","status":"publish","type":"page","link":"https:\/\/citronnature.fr\/index.php\/philosophie\/","title":{"rendered":"Valeurs"},"content":{"rendered":"<div class=\"wp-block-image\">\n<figure class=\"aligncenter size-large\"><img loading=\"lazy\" decoding=\"async\" width=\"1024\" height=\"216\" src=\"https:\/\/citronnature.fr\/wp-content\/uploads\/2025\/03\/Bandeau-valeurs-1024x216.jpg\" alt=\"\" class=\"wp-image-1169\" srcset=\"https:\/\/citronnature.fr\/wp-content\/uploads\/2025\/03\/Bandeau-valeurs-1024x216.jpg 1024w, https:\/\/citronnature.fr\/wp-content\/uploads\/2025\/03\/Bandeau-valeurs-300x63.jpg 300w, https:\/\/citronnature.fr\/wp-content\/uploads\/2025\/03\/Bandeau-valeurs-768x162.jpg 768w, https:\/\/citronnature.fr\/wp-content\/uploads\/2025\/03\/Bandeau-valeurs-1536x324.jpg 1536w, https:\/\/citronnature.fr\/wp-content\/uploads\/2025\/03\/Bandeau-valeurs-2048x432.jpg 2048w\" sizes=\"auto, (max-width: 1024px) 100vw, 1024px\" \/><\/figure><\/div>\n\n\n<div style=\"height:70px\" aria-hidden=\"true\" class=\"wp-block-spacer\"><\/div>\n\n\n\n<h3 class=\"wp-block-heading has-text-align-center\"><span style=\"color: #00ccff;\"><mark style=\"background-color:rgba(0, 0, 0, 0)\" class=\"has-inline-color has-vivid-cyan-blue-color\">Professionnalisme<\/mark><\/span><\/h3>\n\n\n\n<p class=\"has-text-align-center\">Agir avec expertises, efficacit\u00e9, pragmatisme, rigueur et int\u00e9grit\u00e9.<\/p>\n\n\n\n<div style=\"height:10px\" aria-hidden=\"true\" class=\"wp-block-spacer\"><\/div>\n\n\n\n<h3 class=\"wp-block-heading has-text-align-center\"><span style=\"color: #00ccff;\"><mark style=\"background-color:rgba(0, 0, 0, 0)\" class=\"has-inline-color has-vivid-cyan-blue-color\">Action<\/mark><\/span><\/h3>\n\n\n\n<p class=\"has-text-align-center\">D\u00e9passer les attentes de nos clients pour construire une relation p\u00e9renne et cr\u00e9atrice de valeur<\/p>\n\n\n\n<div style=\"height:10px\" aria-hidden=\"true\" class=\"wp-block-spacer\"><\/div>\n\n\n\n<h3 class=\"wp-block-heading has-text-align-center\"><span style=\"color: #00ccff;\"><mark style=\"background-color:rgba(0, 0, 0, 0)\" class=\"has-inline-color has-vivid-cyan-blue-color\">Honn\u00eatet\u00e9<\/mark><\/span><\/h3>\n\n\n\n<p class=\"has-text-align-center\">Donner du sens \u00e0 nos missions. Transparence sur ce que nous faisons<\/p>\n\n\n\n<div style=\"height:10px\" aria-hidden=\"true\" class=\"wp-block-spacer\"><\/div>\n\n\n\n<h3 class=\"wp-block-heading has-text-align-center\"><span style=\"color: #00ccff;\"><mark style=\"background-color:rgba(0, 0, 0, 0)\" class=\"has-inline-color has-vivid-cyan-blue-color\">Esprit d&rsquo;\u00e9quipe<\/mark><\/span><\/h3>\n\n\n\n<p class=\"has-text-align-center\">S\u2019engager aupr\u00e8s et avec les \u00e9quipes avec implication et enthousiasme<\/p>\n\n\n\n<div style=\"height:10px\" aria-hidden=\"true\" class=\"wp-block-spacer\"><\/div>\n\n\n\n<h3 class=\"wp-block-heading has-text-align-center\"><span style=\"color: #00ccff;\"><mark style=\"background-color:rgba(0, 0, 0, 0)\" class=\"has-inline-color has-vivid-cyan-blue-color\">Respect<\/mark><\/span><\/h3>\n\n\n\n<p class=\"has-text-align-center\">Conduire nos missions dans le respect des valeurs et de la culture de chacun de nos clients<\/p>\n\n\n\n<div style=\"height:10px\" aria-hidden=\"true\" class=\"wp-block-spacer\"><\/div>\n\n\n\n<h3 class=\"wp-block-heading has-text-align-center\"><span style=\"color: #00ccff;\"><mark style=\"background-color:rgba(0, 0, 0, 0)\" class=\"has-inline-color has-vivid-cyan-blue-color\">Bienveillance<\/mark><\/span><\/h3>\n\n\n\n<p class=\"has-text-align-center\">Optimiser les organisations en \u00e9tant proche et \u00e0 l\u2019\u00e9coute des \u00e9quipes.<br>\nVeiller en permanence \u00e0 leur adh\u00e9sion en leur transmettant une vision claire et inspirante<\/p>\n\n\n\n<div style=\"height:57px\" aria-hidden=\"true\" class=\"wp-block-spacer\"><\/div>\n\n\n<div class=\"wp-block-image\">\n<figure class=\"aligncenter size-large is-resized\"><img loading=\"lazy\" decoding=\"async\" width=\"1024\" height=\"621\" src=\"https:\/\/citronnature.fr\/wp-content\/uploads\/2025\/03\/Nos-valeurs-1024x621.jpg\" alt=\"\" class=\"wp-image-1172\" style=\"width:740px;height:auto\" srcset=\"https:\/\/citronnature.fr\/wp-content\/uploads\/2025\/03\/Nos-valeurs-1024x621.jpg 1024w, https:\/\/citronnature.fr\/wp-content\/uploads\/2025\/03\/Nos-valeurs-300x182.jpg 300w, https:\/\/citronnature.fr\/wp-content\/uploads\/2025\/03\/Nos-valeurs-768x466.jpg 768w, https:\/\/citronnature.fr\/wp-content\/uploads\/2025\/03\/Nos-valeurs-1536x932.jpg 1536w, https:\/\/citronnature.fr\/wp-content\/uploads\/2025\/03\/Nos-valeurs.jpg 1690w\" sizes=\"auto, (max-width: 1024px) 100vw, 1024px\" \/><\/figure><\/div>\n\n\n<p><\/p>\n","protected":false},"excerpt":{"rendered":"<p>Professionnalisme Agir avec expertises, efficacit\u00e9, pragmatisme, rigueur et int\u00e9grit\u00e9. Action D\u00e9passer les attentes de nos clients pour construire une relation p\u00e9renne et cr\u00e9atrice de valeur Honn\u00eatet\u00e9 Donner du sens \u00e0 nos missions. Transparence sur ce que nous faisons Esprit d&rsquo;\u00e9quipe S\u2019engager aupr\u00e8s et avec les \u00e9quipes avec implication et enthousiasme Respect Conduire nos missions dans [&hellip;]<\/p>\n","protected":false},"author":1,"featured_media":0,"parent":0,"menu_order":0,"comment_status":"closed","ping_status":"closed","template":"","meta":{"footnotes":""},"class_list":["post-31","page","type-page","status-publish","hentry"],"yoast_head":"<!-- This site is optimized with the Yoast SEO plugin v25.4 - https:\/\/yoast.com\/wordpress\/plugins\/seo\/ -->\n<title>Valeurs - CITRON NATURE Management de transition<\/title>\n<meta name=\"robots\" content=\"index, follow, max-snippet:-1, max-image-preview:large, max-video-preview:-1\" \/>\n<link rel=\"canonical\" href=\"https:\/\/citronnature.fr\/index.php\/philosophie\/\" \/>\n<meta property=\"og:locale\" content=\"fr_FR\" \/>\n<meta property=\"og:type\" content=\"article\" \/>\n<meta property=\"og:title\" content=\"Valeurs - CITRON NATURE Management de transition\" \/>\n<meta property=\"og:description\" content=\"Professionnalisme Agir avec expertises, efficacit\u00e9, pragmatisme, rigueur et int\u00e9grit\u00e9. Action D\u00e9passer les attentes de nos clients pour construire une relation p\u00e9renne et cr\u00e9atrice de valeur Honn\u00eatet\u00e9 Donner du sens \u00e0 nos missions. Transparence sur ce que nous faisons Esprit d&rsquo;\u00e9quipe S\u2019engager aupr\u00e8s et avec les \u00e9quipes avec implication et enthousiasme Respect Conduire nos missions dans [&hellip;]\" \/>\n<meta property=\"og:url\" content=\"https:\/\/citronnature.fr\/index.php\/philosophie\/\" \/>\n<meta property=\"og:site_name\" content=\"CITRON NATURE Management de transition\" \/>\n<meta property=\"article:modified_time\" content=\"2025-04-16T17:02:28+00:00\" \/>\n<meta property=\"og:image\" content=\"https:\/\/citronnature.fr\/wp-content\/uploads\/2025\/03\/Bandeau-valeurs-1024x216.jpg\" \/>\n<meta name=\"twitter:card\" content=\"summary_large_image\" \/>\n<meta name=\"twitter:label1\" content=\"Dur\u00e9e de lecture estim\u00e9e\" \/>\n\t<meta name=\"twitter:data1\" content=\"1 minute\" \/>\n<script type=\"application\/ld+json\" class=\"yoast-schema-graph\">{\"@context\":\"https:\/\/schema.org\",\"@graph\":[{\"@type\":\"WebPage\",\"@id\":\"https:\/\/citronnature.fr\/index.php\/philosophie\/\",\"url\":\"https:\/\/citronnature.fr\/index.php\/philosophie\/\",\"name\":\"Valeurs - CITRON NATURE Management de transition\",\"isPartOf\":{\"@id\":\"https:\/\/citronnature.fr\/#website\"},\"primaryImageOfPage\":{\"@id\":\"https:\/\/citronnature.fr\/index.php\/philosophie\/#primaryimage\"},\"image\":{\"@id\":\"https:\/\/citronnature.fr\/index.php\/philosophie\/#primaryimage\"},\"thumbnailUrl\":\"https:\/\/citronnature.fr\/wp-content\/uploads\/2025\/03\/Bandeau-valeurs-1024x216.jpg\",\"datePublished\":\"2018-06-14T20:36:11+00:00\",\"dateModified\":\"2025-04-16T17:02:28+00:00\",\"breadcrumb\":{\"@id\":\"https:\/\/citronnature.fr\/index.php\/philosophie\/#breadcrumb\"},\"inLanguage\":\"fr-FR\",\"potentialAction\":[{\"@type\":\"ReadAction\",\"target\":[\"https:\/\/citronnature.fr\/index.php\/philosophie\/\"]}]},{\"@type\":\"ImageObject\",\"inLanguage\":\"fr-FR\",\"@id\":\"https:\/\/citronnature.fr\/index.php\/philosophie\/#primaryimage\",\"url\":\"https:\/\/citronnature.fr\/wp-content\/uploads\/2025\/03\/Bandeau-valeurs-scaled.jpg\",\"contentUrl\":\"https:\/\/citronnature.fr\/wp-content\/uploads\/2025\/03\/Bandeau-valeurs-scaled.jpg\",\"width\":2560,\"height\":540},{\"@type\":\"BreadcrumbList\",\"@id\":\"https:\/\/citronnature.fr\/index.php\/philosophie\/#breadcrumb\",\"itemListElement\":[{\"@type\":\"ListItem\",\"position\":1,\"name\":\"Accueil\",\"item\":\"https:\/\/citronnature.fr\/\"},{\"@type\":\"ListItem\",\"position\":2,\"name\":\"Valeurs\"}]},{\"@type\":\"WebSite\",\"@id\":\"https:\/\/citronnature.fr\/#website\",\"url\":\"https:\/\/citronnature.fr\/\",\"name\":\"CITRON NATURE Management de transition\",\"description\":\"\",\"publisher\":{\"@id\":\"https:\/\/citronnature.fr\/#organization\"},\"potentialAction\":[{\"@type\":\"SearchAction\",\"target\":{\"@type\":\"EntryPoint\",\"urlTemplate\":\"https:\/\/citronnature.fr\/?s={search_term_string}\"},\"query-input\":{\"@type\":\"PropertyValueSpecification\",\"valueRequired\":true,\"valueName\":\"search_term_string\"}}],\"inLanguage\":\"fr-FR\"},{\"@type\":\"Organization\",\"@id\":\"https:\/\/citronnature.fr\/#organization\",\"name\":\"CITRON NATURE Management de transition\",\"url\":\"https:\/\/citronnature.fr\/\",\"logo\":{\"@type\":\"ImageObject\",\"inLanguage\":\"fr-FR\",\"@id\":\"https:\/\/citronnature.fr\/#\/schema\/logo\/image\/\",\"url\":\"https:\/\/citronnature.fr\/wp-content\/uploads\/2025\/04\/Logo-test.jpg\",\"contentUrl\":\"https:\/\/citronnature.fr\/wp-content\/uploads\/2025\/04\/Logo-test.jpg\",\"width\":1093,\"height\":264,\"caption\":\"CITRON NATURE Management de transition\"},\"image\":{\"@id\":\"https:\/\/citronnature.fr\/#\/schema\/logo\/image\/\"}}]}<\/script>\n<!-- \/ Yoast SEO plugin. -->","yoast_head_json":{"title":"Valeurs - CITRON NATURE Management de transition","robots":{"index":"index","follow":"follow","max-snippet":"max-snippet:-1","max-image-preview":"max-image-preview:large","max-video-preview":"max-video-preview:-1"},"canonical":"https:\/\/citronnature.fr\/index.php\/philosophie\/","og_locale":"fr_FR","og_type":"article","og_title":"Valeurs - CITRON NATURE Management de transition","og_description":"Professionnalisme Agir avec expertises, efficacit\u00e9, pragmatisme, rigueur et int\u00e9grit\u00e9. Action D\u00e9passer les attentes de nos clients pour construire une relation p\u00e9renne et cr\u00e9atrice de valeur Honn\u00eatet\u00e9 Donner du sens \u00e0 nos missions. Transparence sur ce que nous faisons Esprit d&rsquo;\u00e9quipe S\u2019engager aupr\u00e8s et avec les \u00e9quipes avec implication et enthousiasme Respect Conduire nos missions dans [&hellip;]","og_url":"https:\/\/citronnature.fr\/index.php\/philosophie\/","og_site_name":"CITRON NATURE Management de transition","article_modified_time":"2025-04-16T17:02:28+00:00","og_image":[{"url":"https:\/\/citronnature.fr\/wp-content\/uploads\/2025\/03\/Bandeau-valeurs-1024x216.jpg","type":"","width":"","height":""}],"twitter_card":"summary_large_image","twitter_misc":{"Dur\u00e9e de lecture estim\u00e9e":"1 minute"},"schema":{"@context":"https:\/\/schema.org","@graph":[{"@type":"WebPage","@id":"https:\/\/citronnature.fr\/index.php\/philosophie\/","url":"https:\/\/citronnature.fr\/index.php\/philosophie\/","name":"Valeurs - CITRON NATURE Management de transition","isPartOf":{"@id":"https:\/\/citronnature.fr\/#website"},"primaryImageOfPage":{"@id":"https:\/\/citronnature.fr\/index.php\/philosophie\/#primaryimage"},"image":{"@id":"https:\/\/citronnature.fr\/index.php\/philosophie\/#primaryimage"},"thumbnailUrl":"https:\/\/citronnature.fr\/wp-content\/uploads\/2025\/03\/Bandeau-valeurs-1024x216.jpg","datePublished":"2018-06-14T20:36:11+00:00","dateModified":"2025-04-16T17:02:28+00:00","breadcrumb":{"@id":"https:\/\/citronnature.fr\/index.php\/philosophie\/#breadcrumb"},"inLanguage":"fr-FR","potentialAction":[{"@type":"ReadAction","target":["https:\/\/citronnature.fr\/index.php\/philosophie\/"]}]},{"@type":"ImageObject","inLanguage":"fr-FR","@id":"https:\/\/citronnature.fr\/index.php\/philosophie\/#primaryimage","url":"https:\/\/citronnature.fr\/wp-content\/uploads\/2025\/03\/Bandeau-valeurs-scaled.jpg","contentUrl":"https:\/\/citronnature.fr\/wp-content\/uploads\/2025\/03\/Bandeau-valeurs-scaled.jpg","width":2560,"height":540},{"@type":"BreadcrumbList","@id":"https:\/\/citronnature.fr\/index.php\/philosophie\/#breadcrumb","itemListElement":[{"@type":"ListItem","position":1,"name":"Accueil","item":"https:\/\/citronnature.fr\/"},{"@type":"ListItem","position":2,"name":"Valeurs"}]},{"@type":"WebSite","@id":"https:\/\/citronnature.fr\/#website","url":"https:\/\/citronnature.fr\/","name":"CITRON NATURE Management de transition","description":"","publisher":{"@id":"https:\/\/citronnature.fr\/#organization"},"potentialAction":[{"@type":"SearchAction","target":{"@type":"EntryPoint","urlTemplate":"https:\/\/citronnature.fr\/?s={search_term_string}"},"query-input":{"@type":"PropertyValueSpecification","valueRequired":true,"valueName":"search_term_string"}}],"inLanguage":"fr-FR"},{"@type":"Organization","@id":"https:\/\/citronnature.fr\/#organization","name":"CITRON NATURE Management de transition","url":"https:\/\/citronnature.fr\/","logo":{"@type":"ImageObject","inLanguage":"fr-FR","@id":"https:\/\/citronnature.fr\/#\/schema\/logo\/image\/","url":"https:\/\/citronnature.fr\/wp-content\/uploads\/2025\/04\/Logo-test.jpg","contentUrl":"https:\/\/citronnature.fr\/wp-content\/uploads\/2025\/04\/Logo-test.jpg","width":1093,"height":264,"caption":"CITRON NATURE Management de transition"},"image":{"@id":"https:\/\/citronnature.fr\/#\/schema\/logo\/image\/"}}]}},"_links":{"self":[{"href":"https:\/\/citronnature.fr\/index.php\/wp-json\/wp\/v2\/pages\/31","targetHints":{"allow":["GET"]}}],"collection":[{"href":"https:\/\/citronnature.fr\/index.php\/wp-json\/wp\/v2\/pages"}],"about":[{"href":"https:\/\/citronnature.fr\/index.php\/wp-json\/wp\/v2\/types\/page"}],"author":[{"embeddable":true,"href":"https:\/\/citronnature.fr\/index.php\/wp-json\/wp\/v2\/users\/1"}],"replies":[{"embeddable":true,"href":"https:\/\/citronnature.fr\/index.php\/wp-json\/wp\/v2\/comments?post=31"}],"version-history":[{"count":17,"href":"https:\/\/citronnature.fr\/index.php\/wp-json\/wp\/v2\/pages\/31\/revisions"}],"predecessor-version":[{"id":1268,"href":"https:\/\/citronnature.fr\/index.php\/wp-json\/wp\/v2\/pages\/31\/revisions\/1268"}],"wp:attachment":[{"href":"https:\/\/citronnature.fr\/index.php\/wp-json\/wp\/v2\/media?parent=31"}],"curies":[{"name":"wp","href":"https:\/\/api.w.org\/{rel}","templated":true}]}}