{"id":29,"date":"2018-06-14T22:35:48","date_gmt":"2018-06-14T20:35:48","guid":{"rendered":"http:\/\/citronnature.fr\/?page_id=29"},"modified":"2025-05-02T14:18:07","modified_gmt":"2025-05-02T12:18:07","slug":"competences","status":"publish","type":"page","link":"https:\/\/citronnature.fr\/index.php\/competences\/","title":{"rendered":"CITRON NATURE Management de Transition"},"content":{"rendered":"<div class=\"wp-block-image\">\n<figure class=\"aligncenter size-large\"><img loading=\"lazy\" decoding=\"async\" width=\"1024\" height=\"216\" src=\"https:\/\/citronnature.fr\/wp-content\/uploads\/2018\/07\/Comp\u00e9tences-bandeau-1024x216.jpg\" alt=\"\" class=\"wp-image-274\" srcset=\"https:\/\/citronnature.fr\/wp-content\/uploads\/2018\/07\/Comp\u00e9tences-bandeau-1024x216.jpg 1024w, https:\/\/citronnature.fr\/wp-content\/uploads\/2018\/07\/Comp\u00e9tences-bandeau-300x63.jpg 300w, https:\/\/citronnature.fr\/wp-content\/uploads\/2018\/07\/Comp\u00e9tences-bandeau-768x162.jpg 768w\" sizes=\"auto, (max-width: 1024px) 100vw, 1024px\" \/><\/figure><\/div>\n\n\n<div style=\"height:70px\" aria-hidden=\"true\" class=\"wp-block-spacer\"><\/div>\n\n\n\n<h2 class=\"wp-block-heading\">Le <mark style=\"background-color:rgba(0, 0, 0, 0)\" class=\"has-inline-color has-vivid-cyan-blue-color\">1er cabinet de management de transition<\/mark> en Champagne-Ardenne !<\/h2>\n\n\n\n<div style=\"height:30px\" aria-hidden=\"true\" class=\"wp-block-spacer\"><\/div>\n\n\n\n<p>Apr\u00e8s avoir occup\u00e9 les fonctions de responsable de Service Clients, Directrice Commerciale puis Directrice G\u00e9n\u00e9rale, j&rsquo;ai men\u00e9 plus de 20 missions de transition sur des postes strat\u00e9giques.<\/p>\n\n\n\n<p><strong><mark style=\"background-color:rgba(0, 0, 0, 0)\" class=\"has-inline-color has-vivid-cyan-blue-color\">Relancer la dynamique d&rsquo;une \u00e9quipe, restaurer la confiance, piloter la performance<\/mark><\/strong>&#8230; bref, reprendre un service en main avec souvent des forts enjeux strat\u00e9giques \u00e9tait mon quotidien.<br>En 2023, j&rsquo;ai constitu\u00e9 une communaut\u00e9 de managers de transition chevronn\u00e9s, habitu\u00e9s \u00e0 la gestion de situations complexes, voire anxiog\u00e8nes pour les collaborateurs. Nous intervenons vite, bien et avec le sourire, dans des contextes souvent tendus :<br>&#8211; d\u00e9part soudain<br>&#8211; r\u00e9organisation<br>&#8211; croissance rapide<br>&#8211; fusion<br>&#8211; fermeture de sites.<\/p>\n\n\n\n<p><strong><mark style=\"background-color:rgba(0, 0, 0, 0)\" class=\"has-inline-color has-vivid-cyan-blue-color\">&gt; Notre promesse<\/mark><\/strong> : des managers op\u00e9rationnels imm\u00e9diatement, avec une posture r\u00e9solument humaine, aux tarifs agiles d&rsquo;une structure de taille raisonnable.<\/p>\n\n\n\n<p><strong><mark style=\"background-color:rgba(0, 0, 0, 0)\" class=\"has-inline-color has-vivid-cyan-blue-color\">&gt; Notre engagement<\/mark><\/strong> : valoriser chaque mission avec une vision claire, pragmatique et tourn\u00e9e vers l&rsquo;action, en favorisant une culture d&rsquo;\u00e9quipe dynamique et surtout collaborative.<\/p>\n\n\n\n<p>Quels que soient vos enjeux, la taille de votre entreprise, la nature de vos activit\u00e9s, nous vous mettrons \u00e0 disposition le manager de transition dont vous avez besoin.<br>Votre objectif deviendra le n\u00f4tre, de la strat\u00e9gie \u00e0 la mise en place op\u00e9rationnelle&#8230;<\/p>\n\n\n\n<div style=\"height:30px\" aria-hidden=\"true\" class=\"wp-block-spacer\"><\/div>\n\n\n\n<blockquote class=\"wp-block-quote is-layout-flow wp-block-quote-is-layout-flow\">\n<p>Comprendre vite, agir et transformer&#8230; pour r\u00e9ussir ensemble !<\/p>\n<\/blockquote>\n\n\n\n<div style=\"height:30px\" aria-hidden=\"true\" class=\"wp-block-spacer\"><\/div>\n\n\n\n<figure class=\"wp-block-embed aligncenter is-type-video is-provider-youtube wp-block-embed-youtube wp-embed-aspect-16-9 wp-has-aspect-ratio\"><div class=\"wp-block-embed__wrapper\">\n<iframe loading=\"lazy\" title=\"Citron Nature : c&#039;est quoi le management de transition ?\" width=\"500\" height=\"281\" src=\"https:\/\/www.youtube.com\/embed\/W8uCxx0lrbI?feature=oembed\" frameborder=\"0\" allow=\"accelerometer; autoplay; clipboard-write; encrypted-media; gyroscope; picture-in-picture; web-share\" referrerpolicy=\"strict-origin-when-cross-origin\" allowfullscreen><\/iframe>\n<\/div><\/figure>\n\n\n\n<p><\/p>\n","protected":false},"excerpt":{"rendered":"<p>Le 1er cabinet de management de transition en Champagne-Ardenne ! Apr\u00e8s avoir occup\u00e9 les fonctions de responsable de Service Clients, Directrice Commerciale puis Directrice G\u00e9n\u00e9rale, j&rsquo;ai men\u00e9 plus de 20 missions de transition sur des postes strat\u00e9giques. Relancer la dynamique d&rsquo;une \u00e9quipe, restaurer la confiance, piloter la performance&#8230; bref, reprendre un service en main avec [&hellip;]<\/p>\n","protected":false},"author":1,"featured_media":0,"parent":0,"menu_order":0,"comment_status":"closed","ping_status":"closed","template":"","meta":{"footnotes":""},"class_list":["post-29","page","type-page","status-publish","hentry"],"yoast_head":"<!-- This site is optimized with the Yoast SEO plugin v25.4 - https:\/\/yoast.com\/wordpress\/plugins\/seo\/ -->\n<title>CITRON NATURE Management de Transition - CITRON NATURE Management de transition<\/title>\n<meta name=\"robots\" content=\"index, follow, max-snippet:-1, max-image-preview:large, max-video-preview:-1\" \/>\n<link rel=\"canonical\" href=\"https:\/\/citronnature.fr\/index.php\/competences\/\" \/>\n<meta property=\"og:locale\" content=\"fr_FR\" \/>\n<meta property=\"og:type\" content=\"article\" \/>\n<meta property=\"og:title\" content=\"CITRON NATURE Management de Transition - CITRON NATURE Management de transition\" \/>\n<meta property=\"og:description\" content=\"Le 1er cabinet de management de transition en Champagne-Ardenne ! Apr\u00e8s avoir occup\u00e9 les fonctions de responsable de Service Clients, Directrice Commerciale puis Directrice G\u00e9n\u00e9rale, j&rsquo;ai men\u00e9 plus de 20 missions de transition sur des postes strat\u00e9giques. Relancer la dynamique d&rsquo;une \u00e9quipe, restaurer la confiance, piloter la performance&#8230; bref, reprendre un service en main avec [&hellip;]\" \/>\n<meta property=\"og:url\" content=\"https:\/\/citronnature.fr\/index.php\/competences\/\" \/>\n<meta property=\"og:site_name\" content=\"CITRON NATURE Management de transition\" \/>\n<meta property=\"article:modified_time\" content=\"2025-05-02T12:18:07+00:00\" \/>\n<meta name=\"twitter:card\" content=\"summary_large_image\" \/>\n<meta name=\"twitter:label1\" content=\"Dur\u00e9e de lecture estim\u00e9e\" \/>\n\t<meta name=\"twitter:data1\" content=\"1 minute\" \/>\n<script type=\"application\/ld+json\" class=\"yoast-schema-graph\">{\"@context\":\"https:\/\/schema.org\",\"@graph\":[{\"@type\":\"WebPage\",\"@id\":\"https:\/\/citronnature.fr\/index.php\/competences\/\",\"url\":\"https:\/\/citronnature.fr\/index.php\/competences\/\",\"name\":\"CITRON NATURE Management de Transition - CITRON NATURE Management de transition\",\"isPartOf\":{\"@id\":\"https:\/\/citronnature.fr\/#website\"},\"datePublished\":\"2018-06-14T20:35:48+00:00\",\"dateModified\":\"2025-05-02T12:18:07+00:00\",\"breadcrumb\":{\"@id\":\"https:\/\/citronnature.fr\/index.php\/competences\/#breadcrumb\"},\"inLanguage\":\"fr-FR\",\"potentialAction\":[{\"@type\":\"ReadAction\",\"target\":[\"https:\/\/citronnature.fr\/index.php\/competences\/\"]}]},{\"@type\":\"BreadcrumbList\",\"@id\":\"https:\/\/citronnature.fr\/index.php\/competences\/#breadcrumb\",\"itemListElement\":[{\"@type\":\"ListItem\",\"position\":1,\"name\":\"Accueil\",\"item\":\"https:\/\/citronnature.fr\/\"},{\"@type\":\"ListItem\",\"position\":2,\"name\":\"CITRON NATURE Management de Transition\"}]},{\"@type\":\"WebSite\",\"@id\":\"https:\/\/citronnature.fr\/#website\",\"url\":\"https:\/\/citronnature.fr\/\",\"name\":\"CITRON NATURE Management de transition\",\"description\":\"\",\"publisher\":{\"@id\":\"https:\/\/citronnature.fr\/#organization\"},\"potentialAction\":[{\"@type\":\"SearchAction\",\"target\":{\"@type\":\"EntryPoint\",\"urlTemplate\":\"https:\/\/citronnature.fr\/?s={search_term_string}\"},\"query-input\":{\"@type\":\"PropertyValueSpecification\",\"valueRequired\":true,\"valueName\":\"search_term_string\"}}],\"inLanguage\":\"fr-FR\"},{\"@type\":\"Organization\",\"@id\":\"https:\/\/citronnature.fr\/#organization\",\"name\":\"CITRON NATURE Management de transition\",\"url\":\"https:\/\/citronnature.fr\/\",\"logo\":{\"@type\":\"ImageObject\",\"inLanguage\":\"fr-FR\",\"@id\":\"https:\/\/citronnature.fr\/#\/schema\/logo\/image\/\",\"url\":\"https:\/\/citronnature.fr\/wp-content\/uploads\/2025\/04\/Logo-test.jpg\",\"contentUrl\":\"https:\/\/citronnature.fr\/wp-content\/uploads\/2025\/04\/Logo-test.jpg\",\"width\":1093,\"height\":264,\"caption\":\"CITRON NATURE Management de transition\"},\"image\":{\"@id\":\"https:\/\/citronnature.fr\/#\/schema\/logo\/image\/\"}}]}<\/script>\n<!-- \/ Yoast SEO plugin. -->","yoast_head_json":{"title":"CITRON NATURE Management de Transition - CITRON NATURE Management de transition","robots":{"index":"index","follow":"follow","max-snippet":"max-snippet:-1","max-image-preview":"max-image-preview:large","max-video-preview":"max-video-preview:-1"},"canonical":"https:\/\/citronnature.fr\/index.php\/competences\/","og_locale":"fr_FR","og_type":"article","og_title":"CITRON NATURE Management de Transition - CITRON NATURE Management de transition","og_description":"Le 1er cabinet de management de transition en Champagne-Ardenne ! Apr\u00e8s avoir occup\u00e9 les fonctions de responsable de Service Clients, Directrice Commerciale puis Directrice G\u00e9n\u00e9rale, j&rsquo;ai men\u00e9 plus de 20 missions de transition sur des postes strat\u00e9giques. Relancer la dynamique d&rsquo;une \u00e9quipe, restaurer la confiance, piloter la performance&#8230; bref, reprendre un service en main avec [&hellip;]","og_url":"https:\/\/citronnature.fr\/index.php\/competences\/","og_site_name":"CITRON NATURE Management de transition","article_modified_time":"2025-05-02T12:18:07+00:00","twitter_card":"summary_large_image","twitter_misc":{"Dur\u00e9e de lecture estim\u00e9e":"1 minute"},"schema":{"@context":"https:\/\/schema.org","@graph":[{"@type":"WebPage","@id":"https:\/\/citronnature.fr\/index.php\/competences\/","url":"https:\/\/citronnature.fr\/index.php\/competences\/","name":"CITRON NATURE Management de Transition - CITRON NATURE Management de transition","isPartOf":{"@id":"https:\/\/citronnature.fr\/#website"},"datePublished":"2018-06-14T20:35:48+00:00","dateModified":"2025-05-02T12:18:07+00:00","breadcrumb":{"@id":"https:\/\/citronnature.fr\/index.php\/competences\/#breadcrumb"},"inLanguage":"fr-FR","potentialAction":[{"@type":"ReadAction","target":["https:\/\/citronnature.fr\/index.php\/competences\/"]}]},{"@type":"BreadcrumbList","@id":"https:\/\/citronnature.fr\/index.php\/competences\/#breadcrumb","itemListElement":[{"@type":"ListItem","position":1,"name":"Accueil","item":"https:\/\/citronnature.fr\/"},{"@type":"ListItem","position":2,"name":"CITRON NATURE Management de Transition"}]},{"@type":"WebSite","@id":"https:\/\/citronnature.fr\/#website","url":"https:\/\/citronnature.fr\/","name":"CITRON NATURE Management de transition","description":"","publisher":{"@id":"https:\/\/citronnature.fr\/#organization"},"potentialAction":[{"@type":"SearchAction","target":{"@type":"EntryPoint","urlTemplate":"https:\/\/citronnature.fr\/?s={search_term_string}"},"query-input":{"@type":"PropertyValueSpecification","valueRequired":true,"valueName":"search_term_string"}}],"inLanguage":"fr-FR"},{"@type":"Organization","@id":"https:\/\/citronnature.fr\/#organization","name":"CITRON NATURE Management de transition","url":"https:\/\/citronnature.fr\/","logo":{"@type":"ImageObject","inLanguage":"fr-FR","@id":"https:\/\/citronnature.fr\/#\/schema\/logo\/image\/","url":"https:\/\/citronnature.fr\/wp-content\/uploads\/2025\/04\/Logo-test.jpg","contentUrl":"https:\/\/citronnature.fr\/wp-content\/uploads\/2025\/04\/Logo-test.jpg","width":1093,"height":264,"caption":"CITRON NATURE Management de transition"},"image":{"@id":"https:\/\/citronnature.fr\/#\/schema\/logo\/image\/"}}]}},"_links":{"self":[{"href":"https:\/\/citronnature.fr\/index.php\/wp-json\/wp\/v2\/pages\/29","targetHints":{"allow":["GET"]}}],"collection":[{"href":"https:\/\/citronnature.fr\/index.php\/wp-json\/wp\/v2\/pages"}],"about":[{"href":"https:\/\/citronnature.fr\/index.php\/wp-json\/wp\/v2\/types\/page"}],"author":[{"embeddable":true,"href":"https:\/\/citronnature.fr\/index.php\/wp-json\/wp\/v2\/users\/1"}],"replies":[{"embeddable":true,"href":"https:\/\/citronnature.fr\/index.php\/wp-json\/wp\/v2\/comments?post=29"}],"version-history":[{"count":36,"href":"https:\/\/citronnature.fr\/index.php\/wp-json\/wp\/v2\/pages\/29\/revisions"}],"predecessor-version":[{"id":1525,"href":"https:\/\/citronnature.fr\/index.php\/wp-json\/wp\/v2\/pages\/29\/revisions\/1525"}],"wp:attachment":[{"href":"https:\/\/citronnature.fr\/index.php\/wp-json\/wp\/v2\/media?parent=29"}],"curies":[{"name":"wp","href":"https:\/\/api.w.org\/{rel}","templated":true}]}}