{"id":220,"date":"2018-06-29T15:18:00","date_gmt":"2018-06-29T13:18:00","guid":{"rendered":"http:\/\/citronnature.fr\/?page_id=220"},"modified":"2025-05-02T13:40:17","modified_gmt":"2025-05-02T11:40:17","slug":"offres-de-mission","status":"publish","type":"page","link":"https:\/\/citronnature.fr\/index.php\/offres-de-mission\/","title":{"rendered":"Rejoignez nos talents"},"content":{"rendered":"<div class=\"wp-block-image\">\n<figure class=\"aligncenter size-large\"><img loading=\"lazy\" decoding=\"async\" width=\"1024\" height=\"215\" src=\"https:\/\/citronnature.fr\/wp-content\/uploads\/2025\/03\/Bandeau-offres-1024x215.jpg\" alt=\"\" class=\"wp-image-1188\" srcset=\"https:\/\/citronnature.fr\/wp-content\/uploads\/2025\/03\/Bandeau-offres-1024x215.jpg 1024w, https:\/\/citronnature.fr\/wp-content\/uploads\/2025\/03\/Bandeau-offres-300x63.jpg 300w, https:\/\/citronnature.fr\/wp-content\/uploads\/2025\/03\/Bandeau-offres-768x162.jpg 768w, https:\/\/citronnature.fr\/wp-content\/uploads\/2025\/03\/Bandeau-offres-1536x323.jpg 1536w, https:\/\/citronnature.fr\/wp-content\/uploads\/2025\/03\/Bandeau-offres-2048x431.jpg 2048w\" sizes=\"auto, (max-width: 1024px) 100vw, 1024px\" \/><\/figure><\/div>\n\n\n<div style=\"height:70px\" aria-hidden=\"true\" class=\"wp-block-spacer\"><\/div>\n\n\n\n<h2 class=\"wp-block-heading\"><span style=\"color: #00ccff;\"><mark style=\"background-color:rgba(0, 0, 0, 0)\" class=\"has-inline-color has-vivid-cyan-blue-color\">CITRON NATURE Management de Transition <\/mark><\/span>recherche de nouveaux talents\u00a0!<\/h2>\n\n\n\n<div style=\"height:30px\" aria-hidden=\"true\" class=\"wp-block-spacer\"><\/div>\n\n\n\n<p>Pour renforcer notre \u00e9quipe et r\u00e9pondre au d\u00e9veloppement de notre croissance, venez rejoindre une entreprise jeune et dynamique, orient\u00e9e clients.<\/p>\n\n\n\n<p>&gt; Vous disposez d\u2019une <strong><mark style=\"background-color:rgba(0, 0, 0, 0)\" class=\"has-inline-color has-vivid-cyan-blue-color\">r\u00e9elle expertise<\/mark> <\/strong>et \u00eates disponible imm\u00e9diatement pour intervenir plusieurs mois au sein d\u2019une entreprise.<\/p>\n\n\n\n<p>&gt; Votre future mission peut \u00eatre un remplacement, un renfort d\u2019expertise ou un vaste projet de transformation. Les domaines d\u2019activit\u00e9s de nos clients sont tr\u00e8s vari\u00e9s.<\/p>\n\n\n\n<p>&gt; Il n&rsquo;y a pas que votre CV qui fait de vous un bon manager de transition, il y a aussi <strong>votre personnalit\u00e9<\/strong>&nbsp;:<\/p>\n\n\n\n<ul class=\"wp-block-list\">\n<li>grande capacit\u00e9 d\u2019adaptation<\/li>\n\n\n\n<li>savoir \u00e9voluer dans des environnements complexes et souvent anxiog\u00e8nes pour les collaborateurs<\/li>\n\n\n\n<li>vraie passion pour le terrain et forte envie de partager votre expertise<\/li>\n\n\n\n<li>leadership naturel et grande \u00e9nergie<\/li>\n<\/ul>\n\n\n\n<p>Le management de transition vous attire ou vous \u00eates d\u00e9j\u00e0 un manager de transition confirm\u00e9, contactez nous ci-dessous :<\/p>\n\n\n\n<div style=\"height:57px\" aria-hidden=\"true\" class=\"wp-block-spacer\"><\/div>\n\n\n\n<figure class=\"wp-block-image\"><a href=\"http:\/\/citronnature.fr\/index.php\/contact\/\"><img loading=\"lazy\" decoding=\"async\" width=\"300\" height=\"79\" src=\"http:\/\/citronnature.fr\/wp-content\/uploads\/2018\/07\/Postuler-300x79.jpg\" alt=\"\" class=\"wp-image-357\" srcset=\"https:\/\/citronnature.fr\/wp-content\/uploads\/2018\/07\/Postuler-300x79.jpg 300w, https:\/\/citronnature.fr\/wp-content\/uploads\/2018\/07\/Postuler.jpg 311w\" sizes=\"auto, (max-width: 300px) 100vw, 300px\" \/><\/a><\/figure>\n\n\n\n<p><\/p>\n","protected":false},"excerpt":{"rendered":"<p>CITRON NATURE Management de Transition recherche de nouveaux talents\u00a0! Pour renforcer notre \u00e9quipe et r\u00e9pondre au d\u00e9veloppement de notre croissance, venez rejoindre une entreprise jeune et dynamique, orient\u00e9e clients. &gt; Vous disposez d\u2019une r\u00e9elle expertise et \u00eates disponible imm\u00e9diatement pour intervenir plusieurs mois au sein d\u2019une entreprise. &gt; Votre future mission peut \u00eatre un remplacement, [&hellip;]<\/p>\n","protected":false},"author":1,"featured_media":0,"parent":0,"menu_order":0,"comment_status":"closed","ping_status":"closed","template":"","meta":{"footnotes":""},"class_list":["post-220","page","type-page","status-publish","hentry"],"yoast_head":"<!-- This site is optimized with the Yoast SEO plugin v25.4 - https:\/\/yoast.com\/wordpress\/plugins\/seo\/ -->\n<title>Rejoignez nos talents - CITRON NATURE Management de transition<\/title>\n<meta name=\"robots\" content=\"index, follow, max-snippet:-1, max-image-preview:large, max-video-preview:-1\" \/>\n<link rel=\"canonical\" href=\"https:\/\/citronnature.fr\/index.php\/offres-de-mission\/\" \/>\n<meta property=\"og:locale\" content=\"fr_FR\" \/>\n<meta property=\"og:type\" content=\"article\" \/>\n<meta property=\"og:title\" content=\"Rejoignez nos talents - CITRON NATURE Management de transition\" \/>\n<meta property=\"og:description\" content=\"CITRON NATURE Management de Transition recherche de nouveaux talents\u00a0! Pour renforcer notre \u00e9quipe et r\u00e9pondre au d\u00e9veloppement de notre croissance, venez rejoindre une entreprise jeune et dynamique, orient\u00e9e clients. &gt; Vous disposez d\u2019une r\u00e9elle expertise et \u00eates disponible imm\u00e9diatement pour intervenir plusieurs mois au sein d\u2019une entreprise. &gt; Votre future mission peut \u00eatre un remplacement, [&hellip;]\" \/>\n<meta property=\"og:url\" content=\"https:\/\/citronnature.fr\/index.php\/offres-de-mission\/\" \/>\n<meta property=\"og:site_name\" content=\"CITRON NATURE Management de transition\" \/>\n<meta property=\"article:modified_time\" content=\"2025-05-02T11:40:17+00:00\" \/>\n<meta property=\"og:image\" content=\"https:\/\/citronnature.fr\/wp-content\/uploads\/2025\/03\/Bandeau-offres-1024x215.jpg\" \/>\n<meta name=\"twitter:card\" content=\"summary_large_image\" \/>\n<meta name=\"twitter:label1\" content=\"Dur\u00e9e de lecture estim\u00e9e\" \/>\n\t<meta name=\"twitter:data1\" content=\"1 minute\" \/>\n<script type=\"application\/ld+json\" class=\"yoast-schema-graph\">{\"@context\":\"https:\/\/schema.org\",\"@graph\":[{\"@type\":\"WebPage\",\"@id\":\"https:\/\/citronnature.fr\/index.php\/offres-de-mission\/\",\"url\":\"https:\/\/citronnature.fr\/index.php\/offres-de-mission\/\",\"name\":\"Rejoignez nos talents - CITRON NATURE Management de transition\",\"isPartOf\":{\"@id\":\"https:\/\/citronnature.fr\/#website\"},\"primaryImageOfPage\":{\"@id\":\"https:\/\/citronnature.fr\/index.php\/offres-de-mission\/#primaryimage\"},\"image\":{\"@id\":\"https:\/\/citronnature.fr\/index.php\/offres-de-mission\/#primaryimage\"},\"thumbnailUrl\":\"https:\/\/citronnature.fr\/wp-content\/uploads\/2025\/03\/Bandeau-offres-1024x215.jpg\",\"datePublished\":\"2018-06-29T13:18:00+00:00\",\"dateModified\":\"2025-05-02T11:40:17+00:00\",\"breadcrumb\":{\"@id\":\"https:\/\/citronnature.fr\/index.php\/offres-de-mission\/#breadcrumb\"},\"inLanguage\":\"fr-FR\",\"potentialAction\":[{\"@type\":\"ReadAction\",\"target\":[\"https:\/\/citronnature.fr\/index.php\/offres-de-mission\/\"]}]},{\"@type\":\"ImageObject\",\"inLanguage\":\"fr-FR\",\"@id\":\"https:\/\/citronnature.fr\/index.php\/offres-de-mission\/#primaryimage\",\"url\":\"https:\/\/citronnature.fr\/wp-content\/uploads\/2025\/03\/Bandeau-offres-scaled.jpg\",\"contentUrl\":\"https:\/\/citronnature.fr\/wp-content\/uploads\/2025\/03\/Bandeau-offres-scaled.jpg\",\"width\":2560,\"height\":539},{\"@type\":\"BreadcrumbList\",\"@id\":\"https:\/\/citronnature.fr\/index.php\/offres-de-mission\/#breadcrumb\",\"itemListElement\":[{\"@type\":\"ListItem\",\"position\":1,\"name\":\"Accueil\",\"item\":\"https:\/\/citronnature.fr\/\"},{\"@type\":\"ListItem\",\"position\":2,\"name\":\"Rejoignez nos talents\"}]},{\"@type\":\"WebSite\",\"@id\":\"https:\/\/citronnature.fr\/#website\",\"url\":\"https:\/\/citronnature.fr\/\",\"name\":\"CITRON NATURE Management de transition\",\"description\":\"\",\"publisher\":{\"@id\":\"https:\/\/citronnature.fr\/#organization\"},\"potentialAction\":[{\"@type\":\"SearchAction\",\"target\":{\"@type\":\"EntryPoint\",\"urlTemplate\":\"https:\/\/citronnature.fr\/?s={search_term_string}\"},\"query-input\":{\"@type\":\"PropertyValueSpecification\",\"valueRequired\":true,\"valueName\":\"search_term_string\"}}],\"inLanguage\":\"fr-FR\"},{\"@type\":\"Organization\",\"@id\":\"https:\/\/citronnature.fr\/#organization\",\"name\":\"CITRON NATURE Management de transition\",\"url\":\"https:\/\/citronnature.fr\/\",\"logo\":{\"@type\":\"ImageObject\",\"inLanguage\":\"fr-FR\",\"@id\":\"https:\/\/citronnature.fr\/#\/schema\/logo\/image\/\",\"url\":\"https:\/\/citronnature.fr\/wp-content\/uploads\/2025\/04\/Logo-test.jpg\",\"contentUrl\":\"https:\/\/citronnature.fr\/wp-content\/uploads\/2025\/04\/Logo-test.jpg\",\"width\":1093,\"height\":264,\"caption\":\"CITRON NATURE Management de transition\"},\"image\":{\"@id\":\"https:\/\/citronnature.fr\/#\/schema\/logo\/image\/\"}}]}<\/script>\n<!-- \/ Yoast SEO plugin. -->","yoast_head_json":{"title":"Rejoignez nos talents - CITRON NATURE Management de transition","robots":{"index":"index","follow":"follow","max-snippet":"max-snippet:-1","max-image-preview":"max-image-preview:large","max-video-preview":"max-video-preview:-1"},"canonical":"https:\/\/citronnature.fr\/index.php\/offres-de-mission\/","og_locale":"fr_FR","og_type":"article","og_title":"Rejoignez nos talents - CITRON NATURE Management de transition","og_description":"CITRON NATURE Management de Transition recherche de nouveaux talents\u00a0! Pour renforcer notre \u00e9quipe et r\u00e9pondre au d\u00e9veloppement de notre croissance, venez rejoindre une entreprise jeune et dynamique, orient\u00e9e clients. &gt; Vous disposez d\u2019une r\u00e9elle expertise et \u00eates disponible imm\u00e9diatement pour intervenir plusieurs mois au sein d\u2019une entreprise. &gt; Votre future mission peut \u00eatre un remplacement, [&hellip;]","og_url":"https:\/\/citronnature.fr\/index.php\/offres-de-mission\/","og_site_name":"CITRON NATURE Management de transition","article_modified_time":"2025-05-02T11:40:17+00:00","og_image":[{"url":"https:\/\/citronnature.fr\/wp-content\/uploads\/2025\/03\/Bandeau-offres-1024x215.jpg","type":"","width":"","height":""}],"twitter_card":"summary_large_image","twitter_misc":{"Dur\u00e9e de lecture estim\u00e9e":"1 minute"},"schema":{"@context":"https:\/\/schema.org","@graph":[{"@type":"WebPage","@id":"https:\/\/citronnature.fr\/index.php\/offres-de-mission\/","url":"https:\/\/citronnature.fr\/index.php\/offres-de-mission\/","name":"Rejoignez nos talents - CITRON NATURE Management de transition","isPartOf":{"@id":"https:\/\/citronnature.fr\/#website"},"primaryImageOfPage":{"@id":"https:\/\/citronnature.fr\/index.php\/offres-de-mission\/#primaryimage"},"image":{"@id":"https:\/\/citronnature.fr\/index.php\/offres-de-mission\/#primaryimage"},"thumbnailUrl":"https:\/\/citronnature.fr\/wp-content\/uploads\/2025\/03\/Bandeau-offres-1024x215.jpg","datePublished":"2018-06-29T13:18:00+00:00","dateModified":"2025-05-02T11:40:17+00:00","breadcrumb":{"@id":"https:\/\/citronnature.fr\/index.php\/offres-de-mission\/#breadcrumb"},"inLanguage":"fr-FR","potentialAction":[{"@type":"ReadAction","target":["https:\/\/citronnature.fr\/index.php\/offres-de-mission\/"]}]},{"@type":"ImageObject","inLanguage":"fr-FR","@id":"https:\/\/citronnature.fr\/index.php\/offres-de-mission\/#primaryimage","url":"https:\/\/citronnature.fr\/wp-content\/uploads\/2025\/03\/Bandeau-offres-scaled.jpg","contentUrl":"https:\/\/citronnature.fr\/wp-content\/uploads\/2025\/03\/Bandeau-offres-scaled.jpg","width":2560,"height":539},{"@type":"BreadcrumbList","@id":"https:\/\/citronnature.fr\/index.php\/offres-de-mission\/#breadcrumb","itemListElement":[{"@type":"ListItem","position":1,"name":"Accueil","item":"https:\/\/citronnature.fr\/"},{"@type":"ListItem","position":2,"name":"Rejoignez nos talents"}]},{"@type":"WebSite","@id":"https:\/\/citronnature.fr\/#website","url":"https:\/\/citronnature.fr\/","name":"CITRON NATURE Management de transition","description":"","publisher":{"@id":"https:\/\/citronnature.fr\/#organization"},"potentialAction":[{"@type":"SearchAction","target":{"@type":"EntryPoint","urlTemplate":"https:\/\/citronnature.fr\/?s={search_term_string}"},"query-input":{"@type":"PropertyValueSpecification","valueRequired":true,"valueName":"search_term_string"}}],"inLanguage":"fr-FR"},{"@type":"Organization","@id":"https:\/\/citronnature.fr\/#organization","name":"CITRON NATURE Management de transition","url":"https:\/\/citronnature.fr\/","logo":{"@type":"ImageObject","inLanguage":"fr-FR","@id":"https:\/\/citronnature.fr\/#\/schema\/logo\/image\/","url":"https:\/\/citronnature.fr\/wp-content\/uploads\/2025\/04\/Logo-test.jpg","contentUrl":"https:\/\/citronnature.fr\/wp-content\/uploads\/2025\/04\/Logo-test.jpg","width":1093,"height":264,"caption":"CITRON NATURE Management de transition"},"image":{"@id":"https:\/\/citronnature.fr\/#\/schema\/logo\/image\/"}}]}},"_links":{"self":[{"href":"https:\/\/citronnature.fr\/index.php\/wp-json\/wp\/v2\/pages\/220","targetHints":{"allow":["GET"]}}],"collection":[{"href":"https:\/\/citronnature.fr\/index.php\/wp-json\/wp\/v2\/pages"}],"about":[{"href":"https:\/\/citronnature.fr\/index.php\/wp-json\/wp\/v2\/types\/page"}],"author":[{"embeddable":true,"href":"https:\/\/citronnature.fr\/index.php\/wp-json\/wp\/v2\/users\/1"}],"replies":[{"embeddable":true,"href":"https:\/\/citronnature.fr\/index.php\/wp-json\/wp\/v2\/comments?post=220"}],"version-history":[{"count":19,"href":"https:\/\/citronnature.fr\/index.php\/wp-json\/wp\/v2\/pages\/220\/revisions"}],"predecessor-version":[{"id":1509,"href":"https:\/\/citronnature.fr\/index.php\/wp-json\/wp\/v2\/pages\/220\/revisions\/1509"}],"wp:attachment":[{"href":"https:\/\/citronnature.fr\/index.php\/wp-json\/wp\/v2\/media?parent=220"}],"curies":[{"name":"wp","href":"https:\/\/api.w.org\/{rel}","templated":true}]}}