{"id":1817,"date":"2026-02-23T15:32:30","date_gmt":"2026-02-23T14:32:30","guid":{"rendered":"https:\/\/citronnature.fr\/?page_id=1817"},"modified":"2026-02-25T14:05:44","modified_gmt":"2026-02-25T13:05:44","slug":"khalid-aghzaf","status":"publish","type":"page","link":"https:\/\/citronnature.fr\/index.php\/khalid-aghzaf\/","title":{"rendered":"Khalid AGHZAF"},"content":{"rendered":"<div class=\"wp-block-image\">\n<figure class=\"alignleft size-full is-resized\"><img loading=\"lazy\" decoding=\"async\" width=\"374\" height=\"500\" src=\"https:\/\/citronnature.fr\/wp-content\/uploads\/2026\/02\/Khalid-AGHZAF-374x500-1.jpg\" alt=\"\" class=\"wp-image-1781\" style=\"width:300px\" srcset=\"https:\/\/citronnature.fr\/wp-content\/uploads\/2026\/02\/Khalid-AGHZAF-374x500-1.jpg 374w, https:\/\/citronnature.fr\/wp-content\/uploads\/2026\/02\/Khalid-AGHZAF-374x500-1-224x300.jpg 224w\" sizes=\"auto, (max-width: 374px) 100vw, 374px\" \/><\/figure><\/div>\n\n\n<div style=\"height:70px\" aria-hidden=\"true\" class=\"wp-block-spacer\"><\/div>\n\n\n\n<h2 class=\"wp-block-heading\">Directeur des Syst\u00e8me d\u2019information | Transformation des Syst\u00e8mes d\u2019Information &amp; Performance Op\u00e9rationnelle<\/h2>\n\n\n\n<div style=\"height:30px\" aria-hidden=\"true\" class=\"wp-block-spacer\"><\/div>\n\n\n\n<p><strong><mark style=\"background-color:rgba(0, 0, 0, 0)\" class=\"has-inline-color has-vivid-cyan-blue-color\">Ancrage Territorial<\/mark><\/strong><\/p>\n\n\n\n<p>Bas\u00e9 \u00e0 Reims (51)<br>Intervention Grand Est<\/p>\n\n\n\n<p><strong><mark style=\"background-color:rgba(0, 0, 0, 0)\" class=\"has-inline-color has-vivid-cyan-blue-color\">Fonctions cl\u00e9s<\/mark><\/strong><\/p>\n\n\n\n<p>&nbsp;DSI de transition &#8211; Direction des syst\u00e8mes d\u2019information &#8211; AMOA &amp; pilotage de projets ERP &#8211; Transformation digitale &amp; organisationnelle &#8211; Gouvernance SI &amp; performance des processus<\/p>\n\n\n\n<p><strong><mark style=\"background-color:rgba(0, 0, 0, 0)\" class=\"has-inline-color has-vivid-cyan-blue-color\">Pitch<\/mark><\/strong><\/p>\n\n\n\n<p>Business &amp; terrain J\u2019accompagne les PME et ETI industrielles et de services dans la structuration, la s\u00e9curisation et la modernisation de leur SI, en lien direct avec les enjeux m\u00e9tiers. Mon approche est pragmatique, orient\u00e9e terrain, avec une forte capacit\u00e9 \u00e0 aligner les \u00e9quipes, les processus et les outils pour produire des r\u00e9sultats concrets et durables.<\/p>\n\n\n\n<p><strong><mark style=\"background-color:rgba(0, 0, 0, 0)\" class=\"has-inline-color has-vivid-cyan-blue-color\">Expertises cl\u00e9s<\/mark><\/strong><\/p>\n\n\n\n<p>Strat\u00e9gie SI &amp; gouvernance IT &#8211; Cadrage et pilotage de projets ERP \/ GPAO \/ SIRH &#8211; AMOA : expression des besoins, cahiers des charges, aide au choix &#8211; Urbanisation et rationalisation des SI &#8211; Optimisation des processus m\u00e9tiers (BPMN, Lean) &#8211; S\u00e9curit\u00e9, RGPD, PCA \/ PRA &#8211; Conduite du changement &amp; accompagnement des \u00e9quipes<\/p>\n\n\n\n<p><strong><mark style=\"background-color:rgba(0, 0, 0, 0)\" class=\"has-inline-color has-vivid-cyan-blue-color\">ADN \u2013 Super-pouvoir<\/mark><\/strong><\/p>\n\n\n\n<p>Apporter de la clart\u00e9 et de la s\u00e9r\u00e9nit\u00e9 dans des environnements complexes. Traduire les enjeux m\u00e9tiers en solutions SI concr\u00e8tes tout en f\u00e9d\u00e9rant les \u00e9quipes.<\/p>\n\n\n\n<p><strong><mark style=\"background-color:rgba(0, 0, 0, 0)\" class=\"has-inline-color has-vivid-cyan-blue-color\">Mini cas pratiques<\/mark><\/strong><\/p>\n\n\n\n<p>\u2022 Direction SI \u2013 Industrie : s\u00e9curisation du SI, refonte des processus, cadrage migration ERP.<\/p>\n\n\n\n<p>\u2022 Cadrage ERP \u2013 Travaux publics : audit SI, cartographie des processus, aide au choix de la solution applicative, roadmap 24\u201336 mois.<\/p>\n\n\n\n<p>\u2022 Audit organisation &amp; digitalisation \u2013 Industrie : diagnostic des flux, recommandations Lean, pr\u00e9-cadrage GPAO<\/p>\n\n\n\n<p><\/p>\n","protected":false},"excerpt":{"rendered":"<p>Directeur des Syst\u00e8me d\u2019information | Transformation des Syst\u00e8mes d\u2019Information &amp; Performance Op\u00e9rationnelle Ancrage Territorial Bas\u00e9 \u00e0 Reims (51)Intervention Grand Est Fonctions cl\u00e9s &nbsp;DSI de transition &#8211; Direction des syst\u00e8mes d\u2019information &#8211; AMOA &amp; pilotage de projets ERP &#8211; Transformation digitale &amp; organisationnelle &#8211; Gouvernance SI &amp; performance des processus Pitch Business &amp; terrain J\u2019accompagne les [&hellip;]<\/p>\n","protected":false},"author":1,"featured_media":0,"parent":0,"menu_order":0,"comment_status":"closed","ping_status":"closed","template":"","meta":{"footnotes":""},"class_list":["post-1817","page","type-page","status-publish","hentry"],"yoast_head":"<!-- This site is optimized with the Yoast SEO plugin v25.4 - https:\/\/yoast.com\/wordpress\/plugins\/seo\/ -->\n<title>Khalid AGHZAF - CITRON NATURE Management de transition<\/title>\n<meta name=\"robots\" content=\"index, follow, max-snippet:-1, max-image-preview:large, max-video-preview:-1\" \/>\n<link rel=\"canonical\" href=\"https:\/\/citronnature.fr\/index.php\/khalid-aghzaf\/\" \/>\n<meta property=\"og:locale\" content=\"fr_FR\" \/>\n<meta property=\"og:type\" content=\"article\" \/>\n<meta property=\"og:title\" content=\"Khalid AGHZAF - CITRON NATURE Management de transition\" \/>\n<meta property=\"og:description\" content=\"Directeur des Syst\u00e8me d\u2019information | Transformation des Syst\u00e8mes d\u2019Information &amp; Performance Op\u00e9rationnelle Ancrage Territorial Bas\u00e9 \u00e0 Reims (51)Intervention Grand Est Fonctions cl\u00e9s &nbsp;DSI de transition &#8211; Direction des syst\u00e8mes d\u2019information &#8211; AMOA &amp; pilotage de projets ERP &#8211; Transformation digitale &amp; organisationnelle &#8211; Gouvernance SI &amp; performance des processus Pitch Business &amp; terrain J\u2019accompagne les [&hellip;]\" \/>\n<meta property=\"og:url\" content=\"https:\/\/citronnature.fr\/index.php\/khalid-aghzaf\/\" \/>\n<meta property=\"og:site_name\" content=\"CITRON NATURE Management de transition\" \/>\n<meta property=\"article:modified_time\" content=\"2026-02-25T13:05:44+00:00\" \/>\n<meta property=\"og:image\" content=\"https:\/\/citronnature.fr\/wp-content\/uploads\/2026\/02\/Khalid-AGHZAF-374x500-1.jpg\" \/>\n\t<meta property=\"og:image:width\" content=\"374\" \/>\n\t<meta property=\"og:image:height\" content=\"500\" \/>\n\t<meta property=\"og:image:type\" content=\"image\/jpeg\" \/>\n<meta name=\"twitter:card\" content=\"summary_large_image\" \/>\n<meta name=\"twitter:label1\" content=\"Dur\u00e9e de lecture estim\u00e9e\" \/>\n\t<meta name=\"twitter:data1\" content=\"2 minutes\" \/>\n<script type=\"application\/ld+json\" class=\"yoast-schema-graph\">{\"@context\":\"https:\/\/schema.org\",\"@graph\":[{\"@type\":\"WebPage\",\"@id\":\"https:\/\/citronnature.fr\/index.php\/khalid-aghzaf\/\",\"url\":\"https:\/\/citronnature.fr\/index.php\/khalid-aghzaf\/\",\"name\":\"Khalid AGHZAF - CITRON NATURE Management de transition\",\"isPartOf\":{\"@id\":\"https:\/\/citronnature.fr\/#website\"},\"primaryImageOfPage\":{\"@id\":\"https:\/\/citronnature.fr\/index.php\/khalid-aghzaf\/#primaryimage\"},\"image\":{\"@id\":\"https:\/\/citronnature.fr\/index.php\/khalid-aghzaf\/#primaryimage\"},\"thumbnailUrl\":\"https:\/\/citronnature.fr\/wp-content\/uploads\/2026\/02\/Khalid-AGHZAF-374x500-1.jpg\",\"datePublished\":\"2026-02-23T14:32:30+00:00\",\"dateModified\":\"2026-02-25T13:05:44+00:00\",\"breadcrumb\":{\"@id\":\"https:\/\/citronnature.fr\/index.php\/khalid-aghzaf\/#breadcrumb\"},\"inLanguage\":\"fr-FR\",\"potentialAction\":[{\"@type\":\"ReadAction\",\"target\":[\"https:\/\/citronnature.fr\/index.php\/khalid-aghzaf\/\"]}]},{\"@type\":\"ImageObject\",\"inLanguage\":\"fr-FR\",\"@id\":\"https:\/\/citronnature.fr\/index.php\/khalid-aghzaf\/#primaryimage\",\"url\":\"https:\/\/citronnature.fr\/wp-content\/uploads\/2026\/02\/Khalid-AGHZAF-374x500-1.jpg\",\"contentUrl\":\"https:\/\/citronnature.fr\/wp-content\/uploads\/2026\/02\/Khalid-AGHZAF-374x500-1.jpg\",\"width\":374,\"height\":500},{\"@type\":\"BreadcrumbList\",\"@id\":\"https:\/\/citronnature.fr\/index.php\/khalid-aghzaf\/#breadcrumb\",\"itemListElement\":[{\"@type\":\"ListItem\",\"position\":1,\"name\":\"Accueil\",\"item\":\"https:\/\/citronnature.fr\/\"},{\"@type\":\"ListItem\",\"position\":2,\"name\":\"Khalid AGHZAF\"}]},{\"@type\":\"WebSite\",\"@id\":\"https:\/\/citronnature.fr\/#website\",\"url\":\"https:\/\/citronnature.fr\/\",\"name\":\"CITRON NATURE Management de transition\",\"description\":\"\",\"publisher\":{\"@id\":\"https:\/\/citronnature.fr\/#organization\"},\"potentialAction\":[{\"@type\":\"SearchAction\",\"target\":{\"@type\":\"EntryPoint\",\"urlTemplate\":\"https:\/\/citronnature.fr\/?s={search_term_string}\"},\"query-input\":{\"@type\":\"PropertyValueSpecification\",\"valueRequired\":true,\"valueName\":\"search_term_string\"}}],\"inLanguage\":\"fr-FR\"},{\"@type\":\"Organization\",\"@id\":\"https:\/\/citronnature.fr\/#organization\",\"name\":\"CITRON NATURE Management de transition\",\"url\":\"https:\/\/citronnature.fr\/\",\"logo\":{\"@type\":\"ImageObject\",\"inLanguage\":\"fr-FR\",\"@id\":\"https:\/\/citronnature.fr\/#\/schema\/logo\/image\/\",\"url\":\"https:\/\/citronnature.fr\/wp-content\/uploads\/2025\/04\/Logo-test.jpg\",\"contentUrl\":\"https:\/\/citronnature.fr\/wp-content\/uploads\/2025\/04\/Logo-test.jpg\",\"width\":1093,\"height\":264,\"caption\":\"CITRON NATURE Management de transition\"},\"image\":{\"@id\":\"https:\/\/citronnature.fr\/#\/schema\/logo\/image\/\"}}]}<\/script>\n<!-- \/ Yoast SEO plugin. -->","yoast_head_json":{"title":"Khalid AGHZAF - CITRON NATURE Management de transition","robots":{"index":"index","follow":"follow","max-snippet":"max-snippet:-1","max-image-preview":"max-image-preview:large","max-video-preview":"max-video-preview:-1"},"canonical":"https:\/\/citronnature.fr\/index.php\/khalid-aghzaf\/","og_locale":"fr_FR","og_type":"article","og_title":"Khalid AGHZAF - CITRON NATURE Management de transition","og_description":"Directeur des Syst\u00e8me d\u2019information | Transformation des Syst\u00e8mes d\u2019Information &amp; Performance Op\u00e9rationnelle Ancrage Territorial Bas\u00e9 \u00e0 Reims (51)Intervention Grand Est Fonctions cl\u00e9s &nbsp;DSI de transition &#8211; Direction des syst\u00e8mes d\u2019information &#8211; AMOA &amp; pilotage de projets ERP &#8211; Transformation digitale &amp; organisationnelle &#8211; Gouvernance SI &amp; performance des processus Pitch Business &amp; terrain J\u2019accompagne les [&hellip;]","og_url":"https:\/\/citronnature.fr\/index.php\/khalid-aghzaf\/","og_site_name":"CITRON NATURE Management de transition","article_modified_time":"2026-02-25T13:05:44+00:00","og_image":[{"width":374,"height":500,"url":"https:\/\/citronnature.fr\/wp-content\/uploads\/2026\/02\/Khalid-AGHZAF-374x500-1.jpg","type":"image\/jpeg"}],"twitter_card":"summary_large_image","twitter_misc":{"Dur\u00e9e de lecture estim\u00e9e":"2 minutes"},"schema":{"@context":"https:\/\/schema.org","@graph":[{"@type":"WebPage","@id":"https:\/\/citronnature.fr\/index.php\/khalid-aghzaf\/","url":"https:\/\/citronnature.fr\/index.php\/khalid-aghzaf\/","name":"Khalid AGHZAF - CITRON NATURE Management de transition","isPartOf":{"@id":"https:\/\/citronnature.fr\/#website"},"primaryImageOfPage":{"@id":"https:\/\/citronnature.fr\/index.php\/khalid-aghzaf\/#primaryimage"},"image":{"@id":"https:\/\/citronnature.fr\/index.php\/khalid-aghzaf\/#primaryimage"},"thumbnailUrl":"https:\/\/citronnature.fr\/wp-content\/uploads\/2026\/02\/Khalid-AGHZAF-374x500-1.jpg","datePublished":"2026-02-23T14:32:30+00:00","dateModified":"2026-02-25T13:05:44+00:00","breadcrumb":{"@id":"https:\/\/citronnature.fr\/index.php\/khalid-aghzaf\/#breadcrumb"},"inLanguage":"fr-FR","potentialAction":[{"@type":"ReadAction","target":["https:\/\/citronnature.fr\/index.php\/khalid-aghzaf\/"]}]},{"@type":"ImageObject","inLanguage":"fr-FR","@id":"https:\/\/citronnature.fr\/index.php\/khalid-aghzaf\/#primaryimage","url":"https:\/\/citronnature.fr\/wp-content\/uploads\/2026\/02\/Khalid-AGHZAF-374x500-1.jpg","contentUrl":"https:\/\/citronnature.fr\/wp-content\/uploads\/2026\/02\/Khalid-AGHZAF-374x500-1.jpg","width":374,"height":500},{"@type":"BreadcrumbList","@id":"https:\/\/citronnature.fr\/index.php\/khalid-aghzaf\/#breadcrumb","itemListElement":[{"@type":"ListItem","position":1,"name":"Accueil","item":"https:\/\/citronnature.fr\/"},{"@type":"ListItem","position":2,"name":"Khalid AGHZAF"}]},{"@type":"WebSite","@id":"https:\/\/citronnature.fr\/#website","url":"https:\/\/citronnature.fr\/","name":"CITRON NATURE Management de transition","description":"","publisher":{"@id":"https:\/\/citronnature.fr\/#organization"},"potentialAction":[{"@type":"SearchAction","target":{"@type":"EntryPoint","urlTemplate":"https:\/\/citronnature.fr\/?s={search_term_string}"},"query-input":{"@type":"PropertyValueSpecification","valueRequired":true,"valueName":"search_term_string"}}],"inLanguage":"fr-FR"},{"@type":"Organization","@id":"https:\/\/citronnature.fr\/#organization","name":"CITRON NATURE Management de transition","url":"https:\/\/citronnature.fr\/","logo":{"@type":"ImageObject","inLanguage":"fr-FR","@id":"https:\/\/citronnature.fr\/#\/schema\/logo\/image\/","url":"https:\/\/citronnature.fr\/wp-content\/uploads\/2025\/04\/Logo-test.jpg","contentUrl":"https:\/\/citronnature.fr\/wp-content\/uploads\/2025\/04\/Logo-test.jpg","width":1093,"height":264,"caption":"CITRON NATURE Management de transition"},"image":{"@id":"https:\/\/citronnature.fr\/#\/schema\/logo\/image\/"}}]}},"_links":{"self":[{"href":"https:\/\/citronnature.fr\/index.php\/wp-json\/wp\/v2\/pages\/1817","targetHints":{"allow":["GET"]}}],"collection":[{"href":"https:\/\/citronnature.fr\/index.php\/wp-json\/wp\/v2\/pages"}],"about":[{"href":"https:\/\/citronnature.fr\/index.php\/wp-json\/wp\/v2\/types\/page"}],"author":[{"embeddable":true,"href":"https:\/\/citronnature.fr\/index.php\/wp-json\/wp\/v2\/users\/1"}],"replies":[{"embeddable":true,"href":"https:\/\/citronnature.fr\/index.php\/wp-json\/wp\/v2\/comments?post=1817"}],"version-history":[{"count":3,"href":"https:\/\/citronnature.fr\/index.php\/wp-json\/wp\/v2\/pages\/1817\/revisions"}],"predecessor-version":[{"id":1857,"href":"https:\/\/citronnature.fr\/index.php\/wp-json\/wp\/v2\/pages\/1817\/revisions\/1857"}],"wp:attachment":[{"href":"https:\/\/citronnature.fr\/index.php\/wp-json\/wp\/v2\/media?parent=1817"}],"curies":[{"name":"wp","href":"https:\/\/api.w.org\/{rel}","templated":true}]}}