{"id":1811,"date":"2026-02-23T15:32:18","date_gmt":"2026-02-23T14:32:18","guid":{"rendered":"https:\/\/citronnature.fr\/?page_id=1811"},"modified":"2026-02-25T14:09:23","modified_gmt":"2026-02-25T13:09:23","slug":"isabelle-roquet","status":"publish","type":"page","link":"https:\/\/citronnature.fr\/index.php\/isabelle-roquet\/","title":{"rendered":"Isabelle ROQUET"},"content":{"rendered":"<div class=\"wp-block-image\">\n<figure class=\"alignleft size-full is-resized\"><img loading=\"lazy\" decoding=\"async\" width=\"374\" height=\"500\" src=\"https:\/\/citronnature.fr\/wp-content\/uploads\/2026\/02\/Isabelle-ROQUET-374x500-1.jpg\" alt=\"\" class=\"wp-image-1780\" style=\"width:300px\" srcset=\"https:\/\/citronnature.fr\/wp-content\/uploads\/2026\/02\/Isabelle-ROQUET-374x500-1.jpg 374w, https:\/\/citronnature.fr\/wp-content\/uploads\/2026\/02\/Isabelle-ROQUET-374x500-1-224x300.jpg 224w\" sizes=\"auto, (max-width: 374px) 100vw, 374px\" \/><\/figure><\/div>\n\n\n<div style=\"height:70px\" aria-hidden=\"true\" class=\"wp-block-spacer\"><\/div>\n\n\n\n<h2 class=\"wp-block-heading\">Experte en Ressources Humaines<\/h2>\n\n\n\n<div style=\"height:30px\" aria-hidden=\"true\" class=\"wp-block-spacer\"><\/div>\n\n\n\n<p><strong><mark style=\"background-color:rgba(0, 0, 0, 0)\" class=\"has-inline-color has-vivid-cyan-blue-color\">Ancrage Territorial<\/mark><\/strong><\/p>\n\n\n\n<p>R\u00e9gion Champagne Ardenne<\/p>\n\n\n\n<div style=\"height:35px\" aria-hidden=\"true\" class=\"wp-block-spacer\"><\/div>\n\n\n\n<p><strong><mark style=\"background-color:rgba(0, 0, 0, 0)\" class=\"has-inline-color has-vivid-cyan-blue-color\">Le Pitch<\/mark><\/strong><\/p>\n\n\n\n<p>\u00ab\u00a0J&rsquo;accompagne les PME&nbsp;champardennaises dans l&rsquo;organisation, la structuration et l&rsquo;optimisation de leurs ressources humaines\u00a0\u00bb<\/p>\n\n\n\n<div style=\"height:35px\" aria-hidden=\"true\" class=\"wp-block-spacer\"><\/div>\n\n\n\n<p><strong><mark style=\"background-color:rgba(0, 0, 0, 0)\" class=\"has-inline-color has-vivid-cyan-blue-color\">Expertises<\/mark><\/strong><\/p>\n\n\n\n<p>Recrutement, Organisation, Administration, D\u00e9veloppement des comp\u00e9tences, Communication<\/p>\n\n\n\n<div style=\"height:35px\" aria-hidden=\"true\" class=\"wp-block-spacer\"><\/div>\n\n\n\n<p><strong><mark style=\"background-color:rgba(0, 0, 0, 0)\" class=\"has-inline-color has-vivid-cyan-blue-color\">ADN &amp; Posture<\/mark><\/strong><\/p>\n\n\n\n<ul class=\"wp-block-list\">\n<li>Ecoute active<\/li>\n\n\n\n<li>Leadership<\/li>\n\n\n\n<li>Bienveillance<\/li>\n\n\n\n<li>Performance<\/li>\n<\/ul>\n\n\n\n<p>\u00ab\u00a0La ressource RH qui s\u00e9curise vos obligations, structure vos pratiques et vous permet de vous concentrer sur votre c\u0153ur de m\u00e9tier\u00a0\u00bb<\/p>\n\n\n\n<div style=\"height:35px\" aria-hidden=\"true\" class=\"wp-block-spacer\"><\/div>\n\n\n\n<p><strong><mark style=\"background-color:rgba(0, 0, 0, 0)\" class=\"has-inline-color has-vivid-cyan-blue-color\">Exp\u00e9riences<\/mark><\/strong><\/p>\n\n\n\n<p>Multi exp\u00e9riences dans diff\u00e9rents secteurs d&rsquo;activit\u00e9s&nbsp;: agroalimentaire et industrie dans la mati\u00e8re laiti\u00e8re, BTP, transports urbains et infrastructures sportives<\/p>\n","protected":false},"excerpt":{"rendered":"<p>Experte en Ressources Humaines Ancrage Territorial R\u00e9gion Champagne Ardenne Le Pitch \u00ab\u00a0J&rsquo;accompagne les PME&nbsp;champardennaises dans l&rsquo;organisation, la structuration et l&rsquo;optimisation de leurs ressources humaines\u00a0\u00bb Expertises Recrutement, Organisation, Administration, D\u00e9veloppement des comp\u00e9tences, Communication ADN &amp; Posture \u00ab\u00a0La ressource RH qui s\u00e9curise vos obligations, structure vos pratiques et vous permet de vous concentrer sur votre c\u0153ur de [&hellip;]<\/p>\n","protected":false},"author":1,"featured_media":0,"parent":0,"menu_order":0,"comment_status":"closed","ping_status":"closed","template":"","meta":{"footnotes":""},"class_list":["post-1811","page","type-page","status-publish","hentry"],"yoast_head":"<!-- This site is optimized with the Yoast SEO plugin v25.4 - https:\/\/yoast.com\/wordpress\/plugins\/seo\/ -->\n<title>Isabelle ROQUET - CITRON NATURE Management de transition<\/title>\n<meta name=\"robots\" content=\"index, follow, max-snippet:-1, max-image-preview:large, max-video-preview:-1\" \/>\n<link rel=\"canonical\" href=\"https:\/\/citronnature.fr\/index.php\/isabelle-roquet\/\" \/>\n<meta property=\"og:locale\" content=\"fr_FR\" \/>\n<meta property=\"og:type\" content=\"article\" \/>\n<meta property=\"og:title\" content=\"Isabelle ROQUET - CITRON NATURE Management de transition\" \/>\n<meta property=\"og:description\" content=\"Experte en Ressources Humaines Ancrage Territorial R\u00e9gion Champagne Ardenne Le Pitch \u00ab\u00a0J&rsquo;accompagne les PME&nbsp;champardennaises dans l&rsquo;organisation, la structuration et l&rsquo;optimisation de leurs ressources humaines\u00a0\u00bb Expertises Recrutement, Organisation, Administration, D\u00e9veloppement des comp\u00e9tences, Communication ADN &amp; Posture \u00ab\u00a0La ressource RH qui s\u00e9curise vos obligations, structure vos pratiques et vous permet de vous concentrer sur votre c\u0153ur de [&hellip;]\" \/>\n<meta property=\"og:url\" content=\"https:\/\/citronnature.fr\/index.php\/isabelle-roquet\/\" \/>\n<meta property=\"og:site_name\" content=\"CITRON NATURE Management de transition\" \/>\n<meta property=\"article:modified_time\" content=\"2026-02-25T13:09:23+00:00\" \/>\n<meta property=\"og:image\" content=\"https:\/\/citronnature.fr\/wp-content\/uploads\/2026\/02\/Isabelle-ROQUET-374x500-1.jpg\" \/>\n\t<meta property=\"og:image:width\" content=\"374\" \/>\n\t<meta property=\"og:image:height\" content=\"500\" \/>\n\t<meta property=\"og:image:type\" content=\"image\/jpeg\" \/>\n<meta name=\"twitter:card\" content=\"summary_large_image\" \/>\n<meta name=\"twitter:label1\" content=\"Dur\u00e9e de lecture estim\u00e9e\" \/>\n\t<meta name=\"twitter:data1\" content=\"1 minute\" \/>\n<script type=\"application\/ld+json\" class=\"yoast-schema-graph\">{\"@context\":\"https:\/\/schema.org\",\"@graph\":[{\"@type\":\"WebPage\",\"@id\":\"https:\/\/citronnature.fr\/index.php\/isabelle-roquet\/\",\"url\":\"https:\/\/citronnature.fr\/index.php\/isabelle-roquet\/\",\"name\":\"Isabelle ROQUET - CITRON NATURE Management de transition\",\"isPartOf\":{\"@id\":\"https:\/\/citronnature.fr\/#website\"},\"primaryImageOfPage\":{\"@id\":\"https:\/\/citronnature.fr\/index.php\/isabelle-roquet\/#primaryimage\"},\"image\":{\"@id\":\"https:\/\/citronnature.fr\/index.php\/isabelle-roquet\/#primaryimage\"},\"thumbnailUrl\":\"https:\/\/citronnature.fr\/wp-content\/uploads\/2026\/02\/Isabelle-ROQUET-374x500-1.jpg\",\"datePublished\":\"2026-02-23T14:32:18+00:00\",\"dateModified\":\"2026-02-25T13:09:23+00:00\",\"breadcrumb\":{\"@id\":\"https:\/\/citronnature.fr\/index.php\/isabelle-roquet\/#breadcrumb\"},\"inLanguage\":\"fr-FR\",\"potentialAction\":[{\"@type\":\"ReadAction\",\"target\":[\"https:\/\/citronnature.fr\/index.php\/isabelle-roquet\/\"]}]},{\"@type\":\"ImageObject\",\"inLanguage\":\"fr-FR\",\"@id\":\"https:\/\/citronnature.fr\/index.php\/isabelle-roquet\/#primaryimage\",\"url\":\"https:\/\/citronnature.fr\/wp-content\/uploads\/2026\/02\/Isabelle-ROQUET-374x500-1.jpg\",\"contentUrl\":\"https:\/\/citronnature.fr\/wp-content\/uploads\/2026\/02\/Isabelle-ROQUET-374x500-1.jpg\",\"width\":374,\"height\":500},{\"@type\":\"BreadcrumbList\",\"@id\":\"https:\/\/citronnature.fr\/index.php\/isabelle-roquet\/#breadcrumb\",\"itemListElement\":[{\"@type\":\"ListItem\",\"position\":1,\"name\":\"Accueil\",\"item\":\"https:\/\/citronnature.fr\/\"},{\"@type\":\"ListItem\",\"position\":2,\"name\":\"Isabelle ROQUET\"}]},{\"@type\":\"WebSite\",\"@id\":\"https:\/\/citronnature.fr\/#website\",\"url\":\"https:\/\/citronnature.fr\/\",\"name\":\"CITRON NATURE Management de transition\",\"description\":\"\",\"publisher\":{\"@id\":\"https:\/\/citronnature.fr\/#organization\"},\"potentialAction\":[{\"@type\":\"SearchAction\",\"target\":{\"@type\":\"EntryPoint\",\"urlTemplate\":\"https:\/\/citronnature.fr\/?s={search_term_string}\"},\"query-input\":{\"@type\":\"PropertyValueSpecification\",\"valueRequired\":true,\"valueName\":\"search_term_string\"}}],\"inLanguage\":\"fr-FR\"},{\"@type\":\"Organization\",\"@id\":\"https:\/\/citronnature.fr\/#organization\",\"name\":\"CITRON NATURE Management de transition\",\"url\":\"https:\/\/citronnature.fr\/\",\"logo\":{\"@type\":\"ImageObject\",\"inLanguage\":\"fr-FR\",\"@id\":\"https:\/\/citronnature.fr\/#\/schema\/logo\/image\/\",\"url\":\"https:\/\/citronnature.fr\/wp-content\/uploads\/2025\/04\/Logo-test.jpg\",\"contentUrl\":\"https:\/\/citronnature.fr\/wp-content\/uploads\/2025\/04\/Logo-test.jpg\",\"width\":1093,\"height\":264,\"caption\":\"CITRON NATURE Management de transition\"},\"image\":{\"@id\":\"https:\/\/citronnature.fr\/#\/schema\/logo\/image\/\"}}]}<\/script>\n<!-- \/ Yoast SEO plugin. -->","yoast_head_json":{"title":"Isabelle ROQUET - CITRON NATURE Management de transition","robots":{"index":"index","follow":"follow","max-snippet":"max-snippet:-1","max-image-preview":"max-image-preview:large","max-video-preview":"max-video-preview:-1"},"canonical":"https:\/\/citronnature.fr\/index.php\/isabelle-roquet\/","og_locale":"fr_FR","og_type":"article","og_title":"Isabelle ROQUET - CITRON NATURE Management de transition","og_description":"Experte en Ressources Humaines Ancrage Territorial R\u00e9gion Champagne Ardenne Le Pitch \u00ab\u00a0J&rsquo;accompagne les PME&nbsp;champardennaises dans l&rsquo;organisation, la structuration et l&rsquo;optimisation de leurs ressources humaines\u00a0\u00bb Expertises Recrutement, Organisation, Administration, D\u00e9veloppement des comp\u00e9tences, Communication ADN &amp; Posture \u00ab\u00a0La ressource RH qui s\u00e9curise vos obligations, structure vos pratiques et vous permet de vous concentrer sur votre c\u0153ur de [&hellip;]","og_url":"https:\/\/citronnature.fr\/index.php\/isabelle-roquet\/","og_site_name":"CITRON NATURE Management de transition","article_modified_time":"2026-02-25T13:09:23+00:00","og_image":[{"width":374,"height":500,"url":"https:\/\/citronnature.fr\/wp-content\/uploads\/2026\/02\/Isabelle-ROQUET-374x500-1.jpg","type":"image\/jpeg"}],"twitter_card":"summary_large_image","twitter_misc":{"Dur\u00e9e de lecture estim\u00e9e":"1 minute"},"schema":{"@context":"https:\/\/schema.org","@graph":[{"@type":"WebPage","@id":"https:\/\/citronnature.fr\/index.php\/isabelle-roquet\/","url":"https:\/\/citronnature.fr\/index.php\/isabelle-roquet\/","name":"Isabelle ROQUET - CITRON NATURE Management de transition","isPartOf":{"@id":"https:\/\/citronnature.fr\/#website"},"primaryImageOfPage":{"@id":"https:\/\/citronnature.fr\/index.php\/isabelle-roquet\/#primaryimage"},"image":{"@id":"https:\/\/citronnature.fr\/index.php\/isabelle-roquet\/#primaryimage"},"thumbnailUrl":"https:\/\/citronnature.fr\/wp-content\/uploads\/2026\/02\/Isabelle-ROQUET-374x500-1.jpg","datePublished":"2026-02-23T14:32:18+00:00","dateModified":"2026-02-25T13:09:23+00:00","breadcrumb":{"@id":"https:\/\/citronnature.fr\/index.php\/isabelle-roquet\/#breadcrumb"},"inLanguage":"fr-FR","potentialAction":[{"@type":"ReadAction","target":["https:\/\/citronnature.fr\/index.php\/isabelle-roquet\/"]}]},{"@type":"ImageObject","inLanguage":"fr-FR","@id":"https:\/\/citronnature.fr\/index.php\/isabelle-roquet\/#primaryimage","url":"https:\/\/citronnature.fr\/wp-content\/uploads\/2026\/02\/Isabelle-ROQUET-374x500-1.jpg","contentUrl":"https:\/\/citronnature.fr\/wp-content\/uploads\/2026\/02\/Isabelle-ROQUET-374x500-1.jpg","width":374,"height":500},{"@type":"BreadcrumbList","@id":"https:\/\/citronnature.fr\/index.php\/isabelle-roquet\/#breadcrumb","itemListElement":[{"@type":"ListItem","position":1,"name":"Accueil","item":"https:\/\/citronnature.fr\/"},{"@type":"ListItem","position":2,"name":"Isabelle ROQUET"}]},{"@type":"WebSite","@id":"https:\/\/citronnature.fr\/#website","url":"https:\/\/citronnature.fr\/","name":"CITRON NATURE Management de transition","description":"","publisher":{"@id":"https:\/\/citronnature.fr\/#organization"},"potentialAction":[{"@type":"SearchAction","target":{"@type":"EntryPoint","urlTemplate":"https:\/\/citronnature.fr\/?s={search_term_string}"},"query-input":{"@type":"PropertyValueSpecification","valueRequired":true,"valueName":"search_term_string"}}],"inLanguage":"fr-FR"},{"@type":"Organization","@id":"https:\/\/citronnature.fr\/#organization","name":"CITRON NATURE Management de transition","url":"https:\/\/citronnature.fr\/","logo":{"@type":"ImageObject","inLanguage":"fr-FR","@id":"https:\/\/citronnature.fr\/#\/schema\/logo\/image\/","url":"https:\/\/citronnature.fr\/wp-content\/uploads\/2025\/04\/Logo-test.jpg","contentUrl":"https:\/\/citronnature.fr\/wp-content\/uploads\/2025\/04\/Logo-test.jpg","width":1093,"height":264,"caption":"CITRON NATURE Management de transition"},"image":{"@id":"https:\/\/citronnature.fr\/#\/schema\/logo\/image\/"}}]}},"_links":{"self":[{"href":"https:\/\/citronnature.fr\/index.php\/wp-json\/wp\/v2\/pages\/1811","targetHints":{"allow":["GET"]}}],"collection":[{"href":"https:\/\/citronnature.fr\/index.php\/wp-json\/wp\/v2\/pages"}],"about":[{"href":"https:\/\/citronnature.fr\/index.php\/wp-json\/wp\/v2\/types\/page"}],"author":[{"embeddable":true,"href":"https:\/\/citronnature.fr\/index.php\/wp-json\/wp\/v2\/users\/1"}],"replies":[{"embeddable":true,"href":"https:\/\/citronnature.fr\/index.php\/wp-json\/wp\/v2\/comments?post=1811"}],"version-history":[{"count":7,"href":"https:\/\/citronnature.fr\/index.php\/wp-json\/wp\/v2\/pages\/1811\/revisions"}],"predecessor-version":[{"id":1860,"href":"https:\/\/citronnature.fr\/index.php\/wp-json\/wp\/v2\/pages\/1811\/revisions\/1860"}],"wp:attachment":[{"href":"https:\/\/citronnature.fr\/index.php\/wp-json\/wp\/v2\/media?parent=1811"}],"curies":[{"name":"wp","href":"https:\/\/api.w.org\/{rel}","templated":true}]}}