{"id":1797,"date":"2026-02-23T15:33:03","date_gmt":"2026-02-23T14:33:03","guid":{"rendered":"https:\/\/citronnature.fr\/?page_id=1797"},"modified":"2026-02-25T14:07:47","modified_gmt":"2026-02-25T13:07:47","slug":"mickael-magnier","status":"publish","type":"page","link":"https:\/\/citronnature.fr\/index.php\/mickael-magnier\/","title":{"rendered":"Micka\u00ebl MAGNIER"},"content":{"rendered":"<div class=\"wp-block-image\">\n<figure class=\"alignleft size-full is-resized\"><img loading=\"lazy\" decoding=\"async\" width=\"374\" height=\"500\" src=\"https:\/\/citronnature.fr\/wp-content\/uploads\/2026\/02\/Mickael-MAGNIER-374x500-1.jpg\" alt=\"\" class=\"wp-image-1784\" style=\"width:300px\" srcset=\"https:\/\/citronnature.fr\/wp-content\/uploads\/2026\/02\/Mickael-MAGNIER-374x500-1.jpg 374w, https:\/\/citronnature.fr\/wp-content\/uploads\/2026\/02\/Mickael-MAGNIER-374x500-1-224x300.jpg 224w\" sizes=\"auto, (max-width: 374px) 100vw, 374px\" \/><\/figure><\/div>\n\n\n<div style=\"height:70px\" aria-hidden=\"true\" class=\"wp-block-spacer\"><\/div>\n\n\n\n<h2 class=\"wp-block-heading\">Directeur G\u00e9n\u00e9ral de transition<\/h2>\n\n\n\n<div style=\"height:30px\" aria-hidden=\"true\" class=\"wp-block-spacer\"><\/div>\n\n\n\n<p><strong><mark style=\"background-color:rgba(0, 0, 0, 0)\" class=\"has-inline-color has-vivid-cyan-blue-color\">Ancrage Territorial<\/mark><\/strong><\/p>\n\n\n\n<p>Bas\u00e9 dans les Ardennes<br>Interventions : Ardennes \u2014 Marne \u2014 Aisne<br>R\u00e9gion Champagne-Ardenne<\/p>\n\n\n\n<p><strong><mark style=\"background-color:rgba(0, 0, 0, 0)\" class=\"has-inline-color has-vivid-cyan-blue-color\">Le Pitch<\/mark><\/strong><\/p>\n\n\n\n<p>+ 23 ann\u00e9es d\u2019exp\u00e9riences dans l\u2019industrie (secteur automobile), environnement complexe sous contrainte de performance, de transformation et de gestion de crise.<br>Incluant 8 ans d\u2019exp\u00e9rience en direction de site industriel, notamment ancien Directeur G\u00e9n\u00e9ral au sein du groupe TI Automotive \u00e0 Ch\u00e2lons-en-Champagne : responsabilit\u00e9 de l\u2019int\u00e9gralit\u00e9 du P&amp;L, op\u00e9rations, strat\u00e9gie, gouvernance, arbitrage\/d\u00e9cisions difficiles.<br>Comp\u00e9tences et connaissances en Op\u00e9rations, Finance, RH, Ing\u00e9nierie de fabrication, Qualit\u00e9 et Gestion des programmes.<br>Management des membres du comit\u00e9 d\u2019\u00e9tablissement \/ comit\u00e9 de direction.<br>Homme de terrain, m\u00e9thodique et rigoureux, proche des \u00e9quipes avec une communication claire, directe et structur\u00e9e facilitant le d\u00e9veloppement de l\u2019intelligence \u00e9motionnelle.<br>J\u2019accompagne aujourd\u2019hui les PME et ETI dans leurs phases de transformation, de croissance ou de restructuration.<br>J\u2019interviens lorsque les enjeux deviennent strat\u00e9giques : performance \u00e9conomique, organisation, management ou \u00e9volution du mod\u00e8le.<\/p>\n\n\n\n<p>Mon approche repose sur trois piliers : lucidit\u00e9, pragmatisme et mobilisation des \u00e9quipes.<\/p>\n\n\n\n<p><strong><mark style=\"background-color:rgba(0, 0, 0, 0)\" class=\"has-inline-color has-vivid-cyan-blue-color\">Fonctions Cl\u00e9s<\/mark><\/strong><\/p>\n\n\n\n<ul class=\"wp-block-list\">\n<li>Direction G\u00e9n\u00e9rale<\/li>\n\n\n\n<li>Industrie &amp; Production<\/li>\n\n\n\n<li>Transformation &amp; Organisation<\/li>\n\n\n\n<li>Performance \u00e9conomique<\/li>\n\n\n\n<li>Management d\u2019\u00e9quipes<\/li>\n\n\n\n<li>Pilotage op\u00e9rationnel et financier<\/li>\n\n\n\n<li>D\u00e9veloppement strat\u00e9gique<\/li>\n<\/ul>\n\n\n\n<p><strong>Expertises<\/strong><\/p>\n\n\n\n<ul class=\"wp-block-list\">\n<li>Pilotage d\u2019activit\u00e9s industrielles<\/li>\n\n\n\n<li>Am\u00e9lioration de la rentabilit\u00e9 et des marges<\/li>\n\n\n\n<li>R\u00e9organisation d\u2019entreprise<\/li>\n\n\n\n<li>Structuration de la gouvernance<\/li>\n\n\n\n<li>Gestion de situations complexes ou de crise<\/li>\n\n\n\n<li>Optimisation des processus op\u00e9rationnels<\/li>\n\n\n\n<li>D\u00e9veloppement commercial et industriel<\/li>\n\n\n\n<li>Conduite du changement et mobilisation des \u00e9quipes<\/li>\n<\/ul>\n\n\n\n<p><strong><mark style=\"background-color:rgba(0, 0, 0, 0)\" class=\"has-inline-color has-vivid-cyan-blue-color\">ADN \u2014 Super Pouvoir<\/mark><\/strong><\/p>\n\n\n\n<p>Remettre de la clart\u00e9 et de la confiance dans des environnements sous pression ou en phase de transition.<br>Leadership structurant, capacit\u00e9 d\u2019analyse rapide et aptitude \u00e0 f\u00e9d\u00e9rer dirigeants et \u00e9quipes autour d\u2019objectifs atteignables.<\/p>\n\n\n\n<p><strong><mark style=\"background-color:rgba(0, 0, 0, 0)\" class=\"has-inline-color has-vivid-cyan-blue-color\">Exp\u00e9rience &amp; Secteurs<\/mark><\/strong><\/p>\n\n\n\n<p>Industrie automobile \u2014 \u00c9quipementiers \u2014 PME industrielles \u2014 Services aux entreprises<br>Direction multisites \u2014 Organisations en transformation \u2014 Contextes de croissance ou de tension<\/p>\n\n\n\n<p><strong><mark style=\"background-color:rgba(0, 0, 0, 0)\" class=\"has-inline-color has-vivid-cyan-blue-color\">La Preuve par l\u2019Exemple \u2014 Mini Cas Flash<\/mark><\/strong><\/p>\n\n\n\n<p>&gt;&gt;&gt; Direction G\u00e9n\u00e9rale \u2014 Site industriel international<\/p>\n\n\n\n<ul class=\"wp-block-list\">\n<li>Probl\u00e8me : Exigence de performance \u00e9lev\u00e9e dans un environnement industriel complexe<\/li>\n\n\n\n<li>Actions : Structuration du management (Agilit\u00e9), pilotage rigoureux des indicateurs, optimisation op\u00e9rationnelle et financi\u00e8re<\/li>\n\n\n\n<li>R\u00e9sultat : R\u00e9sultats op\u00e9rationnels et financiers \u00e0 deux chiffres durant 3 ann\u00e9es cons\u00e9cutives (co\u00fbts variables&nbsp;: -17.4% \/ L&amp;OH&nbsp;: -7.19% \/ EBIT&nbsp;: +4.4% \/ Non production part cost&nbsp;: -345 k\u20ac \/ y) \u2014 500 collaborateurs dont environ 80 int\u00e9rimaires\u2014 137 M\u20ac CA (+14% en 2024 vs 2021)<\/li>\n<\/ul>\n\n\n\n<p>&gt;&gt;&gt; Direction G\u00e9n\u00e9rale de PME industrielle<\/p>\n\n\n\n<ul class=\"wp-block-list\">\n<li>Probl\u00e8me : Enjeux de rentabilit\u00e9 et d\u2019organisation<\/li>\n\n\n\n<li>Actions : Red\u00e9finition strat\u00e9gique, structuration interne, mobilisation des \u00e9quipes<\/li>\n\n\n\n<li>R\u00e9sultats : Am\u00e9lioration des performances op\u00e9rationnelles et financi\u00e8res (Chiffre d\u2019affaires : +19,8% autour de 26 M\u20ac \/ Co\u00fbts variables : -3,52 % sur un an \/ L&amp;OH : -3,7 % sur un an \/ B\u00e9n\u00e9fice avant imp\u00f4t : +7,9 % sur un an) et d\u00e9veloppement de l\u2019activit\u00e9 commerciale (Ouverture d\u2019une soci\u00e9t\u00e9 aux EAU, cr\u00e9ation d\u2019une marque de pi\u00e8ces de rechanges \u00e9quivalentes, d\u00e9veloppement de l\u2019activit\u00e9 \u00e0 l\u2019international)<\/li>\n<\/ul>\n\n\n\n<p>&gt;&gt;&gt; Transformation manag\u00e9riale<\/p>\n\n\n\n<ul class=\"wp-block-list\">\n<li>R\u00e9sultats : Engagement renforc\u00e9, fonctionnement et communication fluidifi\u00e9<\/li>\n\n\n\n<li>Probl\u00e8me : Manque d\u2019alignement et tensions internes<\/li>\n\n\n\n<li>Actions : Clarification des r\u00f4les, accompagnement individuel des managers, objectifs partag\u00e9s<\/li>\n<\/ul>\n","protected":false},"excerpt":{"rendered":"<p>Directeur G\u00e9n\u00e9ral de transition Ancrage Territorial Bas\u00e9 dans les ArdennesInterventions : Ardennes \u2014 Marne \u2014 AisneR\u00e9gion Champagne-Ardenne Le Pitch + 23 ann\u00e9es d\u2019exp\u00e9riences dans l\u2019industrie (secteur automobile), environnement complexe sous contrainte de performance, de transformation et de gestion de crise.Incluant 8 ans d\u2019exp\u00e9rience en direction de site industriel, notamment ancien Directeur G\u00e9n\u00e9ral au sein du [&hellip;]<\/p>\n","protected":false},"author":1,"featured_media":0,"parent":0,"menu_order":0,"comment_status":"closed","ping_status":"closed","template":"","meta":{"footnotes":""},"class_list":["post-1797","page","type-page","status-publish","hentry"],"yoast_head":"<!-- This site is optimized with the Yoast SEO plugin v25.4 - https:\/\/yoast.com\/wordpress\/plugins\/seo\/ -->\n<title>Micka\u00ebl MAGNIER - CITRON NATURE Management de transition<\/title>\n<meta name=\"robots\" content=\"index, follow, max-snippet:-1, max-image-preview:large, max-video-preview:-1\" \/>\n<link rel=\"canonical\" href=\"https:\/\/citronnature.fr\/index.php\/mickael-magnier\/\" \/>\n<meta property=\"og:locale\" content=\"fr_FR\" \/>\n<meta property=\"og:type\" content=\"article\" \/>\n<meta property=\"og:title\" content=\"Micka\u00ebl MAGNIER - CITRON NATURE Management de transition\" \/>\n<meta property=\"og:description\" content=\"Directeur G\u00e9n\u00e9ral de transition Ancrage Territorial Bas\u00e9 dans les ArdennesInterventions : Ardennes \u2014 Marne \u2014 AisneR\u00e9gion Champagne-Ardenne Le Pitch + 23 ann\u00e9es d\u2019exp\u00e9riences dans l\u2019industrie (secteur automobile), environnement complexe sous contrainte de performance, de transformation et de gestion de crise.Incluant 8 ans d\u2019exp\u00e9rience en direction de site industriel, notamment ancien Directeur G\u00e9n\u00e9ral au sein du [&hellip;]\" \/>\n<meta property=\"og:url\" content=\"https:\/\/citronnature.fr\/index.php\/mickael-magnier\/\" \/>\n<meta property=\"og:site_name\" content=\"CITRON NATURE Management de transition\" \/>\n<meta property=\"article:modified_time\" content=\"2026-02-25T13:07:47+00:00\" \/>\n<meta property=\"og:image\" content=\"https:\/\/citronnature.fr\/wp-content\/uploads\/2026\/02\/Mickael-MAGNIER-374x500-1.jpg\" \/>\n\t<meta property=\"og:image:width\" content=\"374\" \/>\n\t<meta property=\"og:image:height\" content=\"500\" \/>\n\t<meta property=\"og:image:type\" content=\"image\/jpeg\" \/>\n<meta name=\"twitter:card\" content=\"summary_large_image\" \/>\n<meta name=\"twitter:label1\" content=\"Dur\u00e9e de lecture estim\u00e9e\" \/>\n\t<meta name=\"twitter:data1\" content=\"3 minutes\" \/>\n<script type=\"application\/ld+json\" class=\"yoast-schema-graph\">{\"@context\":\"https:\/\/schema.org\",\"@graph\":[{\"@type\":\"WebPage\",\"@id\":\"https:\/\/citronnature.fr\/index.php\/mickael-magnier\/\",\"url\":\"https:\/\/citronnature.fr\/index.php\/mickael-magnier\/\",\"name\":\"Micka\u00ebl MAGNIER - CITRON NATURE Management de transition\",\"isPartOf\":{\"@id\":\"https:\/\/citronnature.fr\/#website\"},\"primaryImageOfPage\":{\"@id\":\"https:\/\/citronnature.fr\/index.php\/mickael-magnier\/#primaryimage\"},\"image\":{\"@id\":\"https:\/\/citronnature.fr\/index.php\/mickael-magnier\/#primaryimage\"},\"thumbnailUrl\":\"https:\/\/citronnature.fr\/wp-content\/uploads\/2026\/02\/Mickael-MAGNIER-374x500-1.jpg\",\"datePublished\":\"2026-02-23T14:33:03+00:00\",\"dateModified\":\"2026-02-25T13:07:47+00:00\",\"breadcrumb\":{\"@id\":\"https:\/\/citronnature.fr\/index.php\/mickael-magnier\/#breadcrumb\"},\"inLanguage\":\"fr-FR\",\"potentialAction\":[{\"@type\":\"ReadAction\",\"target\":[\"https:\/\/citronnature.fr\/index.php\/mickael-magnier\/\"]}]},{\"@type\":\"ImageObject\",\"inLanguage\":\"fr-FR\",\"@id\":\"https:\/\/citronnature.fr\/index.php\/mickael-magnier\/#primaryimage\",\"url\":\"https:\/\/citronnature.fr\/wp-content\/uploads\/2026\/02\/Mickael-MAGNIER-374x500-1.jpg\",\"contentUrl\":\"https:\/\/citronnature.fr\/wp-content\/uploads\/2026\/02\/Mickael-MAGNIER-374x500-1.jpg\",\"width\":374,\"height\":500},{\"@type\":\"BreadcrumbList\",\"@id\":\"https:\/\/citronnature.fr\/index.php\/mickael-magnier\/#breadcrumb\",\"itemListElement\":[{\"@type\":\"ListItem\",\"position\":1,\"name\":\"Accueil\",\"item\":\"https:\/\/citronnature.fr\/\"},{\"@type\":\"ListItem\",\"position\":2,\"name\":\"Micka\u00ebl MAGNIER\"}]},{\"@type\":\"WebSite\",\"@id\":\"https:\/\/citronnature.fr\/#website\",\"url\":\"https:\/\/citronnature.fr\/\",\"name\":\"CITRON NATURE Management de transition\",\"description\":\"\",\"publisher\":{\"@id\":\"https:\/\/citronnature.fr\/#organization\"},\"potentialAction\":[{\"@type\":\"SearchAction\",\"target\":{\"@type\":\"EntryPoint\",\"urlTemplate\":\"https:\/\/citronnature.fr\/?s={search_term_string}\"},\"query-input\":{\"@type\":\"PropertyValueSpecification\",\"valueRequired\":true,\"valueName\":\"search_term_string\"}}],\"inLanguage\":\"fr-FR\"},{\"@type\":\"Organization\",\"@id\":\"https:\/\/citronnature.fr\/#organization\",\"name\":\"CITRON NATURE Management de transition\",\"url\":\"https:\/\/citronnature.fr\/\",\"logo\":{\"@type\":\"ImageObject\",\"inLanguage\":\"fr-FR\",\"@id\":\"https:\/\/citronnature.fr\/#\/schema\/logo\/image\/\",\"url\":\"https:\/\/citronnature.fr\/wp-content\/uploads\/2025\/04\/Logo-test.jpg\",\"contentUrl\":\"https:\/\/citronnature.fr\/wp-content\/uploads\/2025\/04\/Logo-test.jpg\",\"width\":1093,\"height\":264,\"caption\":\"CITRON NATURE Management de transition\"},\"image\":{\"@id\":\"https:\/\/citronnature.fr\/#\/schema\/logo\/image\/\"}}]}<\/script>\n<!-- \/ Yoast SEO plugin. -->","yoast_head_json":{"title":"Micka\u00ebl MAGNIER - CITRON NATURE Management de transition","robots":{"index":"index","follow":"follow","max-snippet":"max-snippet:-1","max-image-preview":"max-image-preview:large","max-video-preview":"max-video-preview:-1"},"canonical":"https:\/\/citronnature.fr\/index.php\/mickael-magnier\/","og_locale":"fr_FR","og_type":"article","og_title":"Micka\u00ebl MAGNIER - CITRON NATURE Management de transition","og_description":"Directeur G\u00e9n\u00e9ral de transition Ancrage Territorial Bas\u00e9 dans les ArdennesInterventions : Ardennes \u2014 Marne \u2014 AisneR\u00e9gion Champagne-Ardenne Le Pitch + 23 ann\u00e9es d\u2019exp\u00e9riences dans l\u2019industrie (secteur automobile), environnement complexe sous contrainte de performance, de transformation et de gestion de crise.Incluant 8 ans d\u2019exp\u00e9rience en direction de site industriel, notamment ancien Directeur G\u00e9n\u00e9ral au sein du [&hellip;]","og_url":"https:\/\/citronnature.fr\/index.php\/mickael-magnier\/","og_site_name":"CITRON NATURE Management de transition","article_modified_time":"2026-02-25T13:07:47+00:00","og_image":[{"width":374,"height":500,"url":"https:\/\/citronnature.fr\/wp-content\/uploads\/2026\/02\/Mickael-MAGNIER-374x500-1.jpg","type":"image\/jpeg"}],"twitter_card":"summary_large_image","twitter_misc":{"Dur\u00e9e de lecture estim\u00e9e":"3 minutes"},"schema":{"@context":"https:\/\/schema.org","@graph":[{"@type":"WebPage","@id":"https:\/\/citronnature.fr\/index.php\/mickael-magnier\/","url":"https:\/\/citronnature.fr\/index.php\/mickael-magnier\/","name":"Micka\u00ebl MAGNIER - CITRON NATURE Management de transition","isPartOf":{"@id":"https:\/\/citronnature.fr\/#website"},"primaryImageOfPage":{"@id":"https:\/\/citronnature.fr\/index.php\/mickael-magnier\/#primaryimage"},"image":{"@id":"https:\/\/citronnature.fr\/index.php\/mickael-magnier\/#primaryimage"},"thumbnailUrl":"https:\/\/citronnature.fr\/wp-content\/uploads\/2026\/02\/Mickael-MAGNIER-374x500-1.jpg","datePublished":"2026-02-23T14:33:03+00:00","dateModified":"2026-02-25T13:07:47+00:00","breadcrumb":{"@id":"https:\/\/citronnature.fr\/index.php\/mickael-magnier\/#breadcrumb"},"inLanguage":"fr-FR","potentialAction":[{"@type":"ReadAction","target":["https:\/\/citronnature.fr\/index.php\/mickael-magnier\/"]}]},{"@type":"ImageObject","inLanguage":"fr-FR","@id":"https:\/\/citronnature.fr\/index.php\/mickael-magnier\/#primaryimage","url":"https:\/\/citronnature.fr\/wp-content\/uploads\/2026\/02\/Mickael-MAGNIER-374x500-1.jpg","contentUrl":"https:\/\/citronnature.fr\/wp-content\/uploads\/2026\/02\/Mickael-MAGNIER-374x500-1.jpg","width":374,"height":500},{"@type":"BreadcrumbList","@id":"https:\/\/citronnature.fr\/index.php\/mickael-magnier\/#breadcrumb","itemListElement":[{"@type":"ListItem","position":1,"name":"Accueil","item":"https:\/\/citronnature.fr\/"},{"@type":"ListItem","position":2,"name":"Micka\u00ebl MAGNIER"}]},{"@type":"WebSite","@id":"https:\/\/citronnature.fr\/#website","url":"https:\/\/citronnature.fr\/","name":"CITRON NATURE Management de transition","description":"","publisher":{"@id":"https:\/\/citronnature.fr\/#organization"},"potentialAction":[{"@type":"SearchAction","target":{"@type":"EntryPoint","urlTemplate":"https:\/\/citronnature.fr\/?s={search_term_string}"},"query-input":{"@type":"PropertyValueSpecification","valueRequired":true,"valueName":"search_term_string"}}],"inLanguage":"fr-FR"},{"@type":"Organization","@id":"https:\/\/citronnature.fr\/#organization","name":"CITRON NATURE Management de transition","url":"https:\/\/citronnature.fr\/","logo":{"@type":"ImageObject","inLanguage":"fr-FR","@id":"https:\/\/citronnature.fr\/#\/schema\/logo\/image\/","url":"https:\/\/citronnature.fr\/wp-content\/uploads\/2025\/04\/Logo-test.jpg","contentUrl":"https:\/\/citronnature.fr\/wp-content\/uploads\/2025\/04\/Logo-test.jpg","width":1093,"height":264,"caption":"CITRON NATURE Management de transition"},"image":{"@id":"https:\/\/citronnature.fr\/#\/schema\/logo\/image\/"}}]}},"_links":{"self":[{"href":"https:\/\/citronnature.fr\/index.php\/wp-json\/wp\/v2\/pages\/1797","targetHints":{"allow":["GET"]}}],"collection":[{"href":"https:\/\/citronnature.fr\/index.php\/wp-json\/wp\/v2\/pages"}],"about":[{"href":"https:\/\/citronnature.fr\/index.php\/wp-json\/wp\/v2\/types\/page"}],"author":[{"embeddable":true,"href":"https:\/\/citronnature.fr\/index.php\/wp-json\/wp\/v2\/users\/1"}],"replies":[{"embeddable":true,"href":"https:\/\/citronnature.fr\/index.php\/wp-json\/wp\/v2\/comments?post=1797"}],"version-history":[{"count":4,"href":"https:\/\/citronnature.fr\/index.php\/wp-json\/wp\/v2\/pages\/1797\/revisions"}],"predecessor-version":[{"id":1859,"href":"https:\/\/citronnature.fr\/index.php\/wp-json\/wp\/v2\/pages\/1797\/revisions\/1859"}],"wp:attachment":[{"href":"https:\/\/citronnature.fr\/index.php\/wp-json\/wp\/v2\/media?parent=1797"}],"curies":[{"name":"wp","href":"https:\/\/api.w.org\/{rel}","templated":true}]}}