{"id":1102,"date":"2025-02-20T17:48:08","date_gmt":"2025-02-20T16:48:08","guid":{"rendered":"https:\/\/citronnature.fr\/?page_id=1102"},"modified":"2025-05-02T14:19:46","modified_gmt":"2025-05-02T12:19:46","slug":"la-voix-de-nos-managers","status":"publish","type":"page","link":"https:\/\/citronnature.fr\/index.php\/la-voix-de-nos-managers\/","title":{"rendered":"La voix de nos managers"},"content":{"rendered":"<div class=\"wp-block-image\">\n<figure class=\"aligncenter size-large\"><img loading=\"lazy\" decoding=\"async\" width=\"1024\" height=\"215\" src=\"https:\/\/citronnature.fr\/wp-content\/uploads\/2025\/02\/Bandeau-voix-managers-1024x215.jpg\" alt=\"\" class=\"wp-image-1127\" srcset=\"https:\/\/citronnature.fr\/wp-content\/uploads\/2025\/02\/Bandeau-voix-managers-1024x215.jpg 1024w, https:\/\/citronnature.fr\/wp-content\/uploads\/2025\/02\/Bandeau-voix-managers-300x63.jpg 300w, https:\/\/citronnature.fr\/wp-content\/uploads\/2025\/02\/Bandeau-voix-managers-768x162.jpg 768w, https:\/\/citronnature.fr\/wp-content\/uploads\/2025\/02\/Bandeau-voix-managers-1536x323.jpg 1536w, https:\/\/citronnature.fr\/wp-content\/uploads\/2025\/02\/Bandeau-voix-managers-2048x431.jpg 2048w\" sizes=\"auto, (max-width: 1024px) 100vw, 1024px\" \/><\/figure><\/div>\n\n\n<div style=\"height:70px\" aria-hidden=\"true\" class=\"wp-block-spacer\"><\/div>\n\n\n\n<h2 class=\"wp-block-heading\">Ils ont particip\u00e9 aux <strong><mark style=\"background-color:rgba(0, 0, 0, 0)\" class=\"has-inline-color has-vivid-cyan-blue-color\">web-ateliers<\/mark><\/strong><\/h2>\n\n\n\n<div style=\"height:30px\" aria-hidden=\"true\" class=\"wp-block-spacer\"><\/div>\n\n\n\n<p><em><i>\u00ab <\/i>J&rsquo;ai d\u00e9couvert le management de transition au travers d&rsquo;un webinar propos\u00e9 par l&rsquo;APEC, Marianne a su r\u00e9sumer en une heure ce que repr\u00e9sente ce domaine d&rsquo;activit\u00e9 et insuffler&nbsp;l&rsquo;envie d&rsquo;en conna\u00eetre un&nbsp;peu plus sur le sujet. Sa formation en 4 \u00e9tapes m&rsquo;a permis de mieux conna\u00eetre les ficelles du m\u00e9tier, \u00e0 savoir quels sont les enjeux et le contenu des missions, quels sont les profils recherch\u00e9s, quelles sont les meilleures pratiques pour la r\u00e9ussite d&rsquo;une mission, comment travailler son pitch, se faire r\u00e9f\u00e9rencer et d\u00e9velopper son r\u00e9seau, comment le march\u00e9 est-il r\u00e9parti par secteur, par direction et par zone g\u00e9ographique&#8230; Marianne a su clarifier les \u00e9l\u00e9ments importants en m&rsquo;accompagnant sur la refonte compl\u00e8te de mon curriculum vitae, \u00eatre \u00e0 l&rsquo;\u00e9coute de mes questionnements et me coacher pour le d\u00e9marrage de mon projet professionnel. Comme je l&rsquo;ai dit \u00e0 la fin de la formation, elle a clairement sem\u00e9 la graine du management de transition et ne reste plus qu&rsquo;\u00e0 faire pousser la plante.<\/em>&nbsp;<em style=\"font-size: inherit;\"><i>\u00bb<\/i><\/em><\/p>\n\n\n<div class=\"wp-block-image\">\n<figure class=\"alignright\"><img loading=\"lazy\" decoding=\"async\" width=\"51\" height=\"33\" src=\"http:\/\/citronnature.fr\/wp-content\/uploads\/2018\/07\/Fleche-g.jpg\" alt=\"\" class=\"wp-image-347\"\/><\/figure><\/div>\n\n\n<p class=\"has-text-align-right\"><b>S\u00e9bastien<\/b><\/p>\n\n\n\n<hr class=\"wp-block-separator has-alpha-channel-opacity\"\/>\n\n\n\n<p><em><i>\u00ab <\/i>Le management de transition repr\u00e9sente pour moi une r\u00e9elle opportunit\u00e9 de mettre \u00e0 profit mon expertise tout en accompagnant les entreprises dans la r\u00e9solution de d\u00e9fis strat\u00e9giques majeurs.<br>J\u2019exprime ma gratitude envers des acteurs tels que Citron Nature, dont l&rsquo;engagement permet de rendre cette exp\u00e9rience accessible et valorisante pour des profils en qu\u00eate d&rsquo;excellence et de contribution concr\u00e8te&nbsp; <i>\u00bb<\/i><\/em><\/p>\n\n\n<div class=\"wp-block-image\">\n<figure class=\"alignright\"><img loading=\"lazy\" decoding=\"async\" width=\"51\" height=\"33\" src=\"http:\/\/citronnature.fr\/wp-content\/uploads\/2018\/07\/Fleche-g.jpg\" alt=\"\" class=\"wp-image-347\"\/><\/figure><\/div>\n\n\n<p class=\"has-text-align-right\"><b>David <\/b><\/p>\n\n\n\n<hr class=\"wp-block-separator has-alpha-channel-opacity\"\/>\n\n\n\n<p><em>\u00ab&nbsp;Ces 4 ateliers sont une belle immersion dans l&rsquo;univers du Management de Transition :Ils sont anim\u00e9s g\u00e9n\u00e9reusement par Marianne qui r\u00e9pond \u00e0 toutes les questions et facilite la transition vers le Management de Transition, tout en nous faisant garder les pieds sur terre&nbsp;\u00bb<\/em><\/p>\n\n\n\n<p><i>&nbsp;<\/i><\/p>\n\n\n<div class=\"wp-block-image\">\n<figure class=\"alignright\"><img loading=\"lazy\" decoding=\"async\" width=\"51\" height=\"33\" src=\"http:\/\/citronnature.fr\/wp-content\/uploads\/2018\/07\/Fleche-g.jpg\" alt=\"\" class=\"wp-image-347\"\/><\/figure><\/div>\n\n\n<p class=\"has-text-align-right\"><b>Mathieu<\/b><\/p>\n\n\n\n<div style=\"height:100px\" aria-hidden=\"true\" class=\"wp-block-spacer\"><\/div>\n\n\n\n<h2 class=\"wp-block-heading\">Nous avons <strong><mark style=\"background-color:rgba(0, 0, 0, 0)\" class=\"has-inline-color has-vivid-cyan-blue-color\">r\u00e9alis\u00e9 des missions<\/mark><\/strong> de management de transition ensemble<\/h2>\n\n\n\n<div style=\"height:30px\" aria-hidden=\"true\" class=\"wp-block-spacer\"><\/div>\n\n\n\n<p><i>\u00ab\u00a0<\/i><em>J&rsquo;ai contribu\u00e9 \u00e0 fid\u00e9liser l&rsquo;\u00e9quipe en place tout en recrutant de nouveaux talents, dans un contexte particuli\u00e8rement tendu en raison du retard accumul\u00e9 en d\u00e9but d&rsquo;ann\u00e9e. J&rsquo;ai r\u00e9organis\u00e9 et optimis\u00e9 les processus d&rsquo;int\u00e9gration et de formation pour consolider le savoir-faire des anciens collaborateurs. De plus, j&rsquo;ai instaur\u00e9 une hi\u00e9rarchie plus claire afin d&rsquo;am\u00e9liorer l&rsquo;efficacit\u00e9 de l&rsquo;\u00e9quipe. Tout cela a \u00e9t\u00e9 r\u00e9alis\u00e9 dans le cadre d&rsquo;une pression \u00e9lev\u00e9e pour garantir le succ\u00e8s de l&rsquo;atterrissage annuel du client, malgr\u00e9 les d\u00e9lais serr\u00e9s. Tout au long de ma mission, <strong><mark style=\"background-color:rgba(0, 0, 0, 0)\" class=\"has-inline-color has-vivid-cyan-blue-color\">CITRON NATURE Management de Transition<\/mark><\/strong> a \u00e9t\u00e9 pr\u00e9sent tant avec des interventions au niveau du client si n\u00e9cessaire que vis-\u00e0-vis de moi, comme \u00ab\u00a0mentor\u00a0\u00bb de certaines des situations que j\u2019ai pu rencontrer\u00a0<\/em>\u00bb<\/p>\n\n\n<div class=\"wp-block-image\">\n<figure class=\"alignright\"><img loading=\"lazy\" decoding=\"async\" width=\"51\" height=\"33\" src=\"http:\/\/citronnature.fr\/wp-content\/uploads\/2018\/07\/Fleche-g.jpg\" alt=\"\" class=\"wp-image-347\"\/><\/figure><\/div>\n\n\n<p class=\"has-text-align-right\"><b>J\u00e9r\u00f4me<\/b><\/p>\n\n\n\n<hr class=\"wp-block-separator has-alpha-channel-opacity\"\/>\n\n\n\n<p>\u00ab <em>Responsable de p\u00f4le indemnisation, ma mission consistait \u00e0 d\u00e9velopper la coh\u00e9sion entre les \u00e9quipes, am\u00e9liorer la communication, harmoniser les process de travail entre les 2 sites du groupe, favoriser la mont\u00e9e en comp\u00e9tences au sein des \u00e9quipes.\u00a0L\u2019accompagnement de <em><strong><mark style=\"background-color:rgba(0, 0, 0, 0)\" class=\"has-inline-color has-vivid-cyan-blue-color\">CITRON NATURE Management de Transition<\/mark><\/strong><\/em>\u00a0a \u00e9t\u00e9 compl\u00e8te : pr\u00e9sentation claire de l\u2019entreprise et du contexte de la mission, suivi et accompagnement tout au long du parcours dans l\u2019entreprise, un regard bienveillant et des conseils avis\u00e9s au cours de la mission, une disponibilit\u00e9 et une r\u00e9activit\u00e9 en cas de sollicitation, une belle \u00e9nergie qui a conduit au succ\u00e8s de la mission !\u00a0<\/em>\u00bb<\/p>\n\n\n<div class=\"wp-block-image\">\n<figure class=\"alignright\"><img loading=\"lazy\" decoding=\"async\" width=\"51\" height=\"33\" src=\"http:\/\/citronnature.fr\/wp-content\/uploads\/2018\/07\/Fleche-g.jpg\" alt=\"\" class=\"wp-image-347\"\/><\/figure><\/div>\n\n\n<p class=\"has-text-align-right\"><b>Marina<\/b><\/p>\n\n\n\n<hr class=\"wp-block-separator has-alpha-channel-opacity\"\/>\n\n\n\n<p><i>\u00ab <\/i><em>J\u2019ai effectu\u00e9 ma premi\u00e8re mission de transition avec le cabinet <em><strong><mark style=\"background-color:rgba(0, 0, 0, 0)\" class=\"has-inline-color has-vivid-cyan-blue-color\">CITRON NATURE Management de Transition<\/mark><\/strong><\/em>. Cette mission de 6 mois consistait en la mise en conformit\u00e9 sociale d\u2019une filiale d\u2019un grand groupe industriel (8500 salari\u00e9s en Europe, 45000 dans le Monde).\u00a0<\/em><br><em>Les missions principales \u00e9taient les suivantes\u00a0: mise en place des \u00e9lections professionnelles de l\u2019une des filiales du Groupe, gestion op\u00e9rationnelle de la fermeture d\u2019un entrep\u00f4t logistique.\u00a0<\/em><br><em>Plusieurs autres missions connexes m\u2019ont \u00e9t\u00e9 confi\u00e9es au cours de cette mission : gestion de dossiers de licenciements, n\u00e9gociations de sortie, accompagnements de managers op\u00e9rationnels, r\u00e9dactions de diff\u00e9rents m\u00e9mos ou DUE, recrutements, bilan d\u2019orientation\u2026<\/em><br><em>Le process de recrutement a \u00e9t\u00e9 rapide, concret et tr\u00e8s accompagnant\u00a0: Marianne CITRON a en effet particip\u00e9 \u00e0 tous les entretiens de recrutement et elle \u00e9tait tr\u00e8s pr\u00e9sente tout au long de ma mission.\u00a0\u00a0J\u2019ai particuli\u00e8rement appr\u00e9ci\u00e9 la bienveillance et l\u2019\u00e9coute qu\u2019elle a pu mettre en \u0153uvre durant ces 6 mois. Sa proximit\u00e9 avec le manager de transition est tr\u00e8s clairement un avantage. Sa connaissance parfaite du m\u00e9tier de manager de transition qu\u2019elle pratique elle-m\u00eame en est une autre, car les conseils qu\u2019elle a pu me prodiguer m\u2019ont \u00e9norm\u00e9ment fait progresser dans ce nouveau m\u00e9tier pour moi. <\/em><i>\u00bb<\/i><\/p>\n\n\n<div class=\"wp-block-image\">\n<figure class=\"alignright\"><img loading=\"lazy\" decoding=\"async\" width=\"51\" height=\"33\" src=\"http:\/\/citronnature.fr\/wp-content\/uploads\/2018\/07\/Fleche-g.jpg\" alt=\"\" class=\"wp-image-347\"\/><\/figure><\/div>\n\n\n<p class=\"has-text-align-right\"><b>Francine<\/b><\/p>\n\n\n\n<p><\/p>\n","protected":false},"excerpt":{"rendered":"<p>Ils ont particip\u00e9 aux web-ateliers \u00ab J&rsquo;ai d\u00e9couvert le management de transition au travers d&rsquo;un webinar propos\u00e9 par l&rsquo;APEC, Marianne a su r\u00e9sumer en une heure ce que repr\u00e9sente ce domaine d&rsquo;activit\u00e9 et insuffler&nbsp;l&rsquo;envie d&rsquo;en conna\u00eetre un&nbsp;peu plus sur le sujet. Sa formation en 4 \u00e9tapes m&rsquo;a permis de mieux conna\u00eetre les ficelles du m\u00e9tier, [&hellip;]<\/p>\n","protected":false},"author":1,"featured_media":0,"parent":0,"menu_order":0,"comment_status":"closed","ping_status":"closed","template":"","meta":{"footnotes":""},"class_list":["post-1102","page","type-page","status-publish","hentry"],"yoast_head":"<!-- This site is optimized with the Yoast SEO plugin v25.4 - https:\/\/yoast.com\/wordpress\/plugins\/seo\/ -->\n<title>La voix de nos managers - CITRON NATURE Management de transition<\/title>\n<meta name=\"robots\" content=\"index, follow, max-snippet:-1, max-image-preview:large, max-video-preview:-1\" \/>\n<link rel=\"canonical\" href=\"https:\/\/citronnature.fr\/index.php\/la-voix-de-nos-managers\/\" \/>\n<meta property=\"og:locale\" content=\"fr_FR\" \/>\n<meta property=\"og:type\" content=\"article\" \/>\n<meta property=\"og:title\" content=\"La voix de nos managers - CITRON NATURE Management de transition\" \/>\n<meta property=\"og:description\" content=\"Ils ont particip\u00e9 aux web-ateliers \u00ab J&rsquo;ai d\u00e9couvert le management de transition au travers d&rsquo;un webinar propos\u00e9 par l&rsquo;APEC, Marianne a su r\u00e9sumer en une heure ce que repr\u00e9sente ce domaine d&rsquo;activit\u00e9 et insuffler&nbsp;l&rsquo;envie d&rsquo;en conna\u00eetre un&nbsp;peu plus sur le sujet. Sa formation en 4 \u00e9tapes m&rsquo;a permis de mieux conna\u00eetre les ficelles du m\u00e9tier, [&hellip;]\" \/>\n<meta property=\"og:url\" content=\"https:\/\/citronnature.fr\/index.php\/la-voix-de-nos-managers\/\" \/>\n<meta property=\"og:site_name\" content=\"CITRON NATURE Management de transition\" \/>\n<meta property=\"article:modified_time\" content=\"2025-05-02T12:19:46+00:00\" \/>\n<meta property=\"og:image\" content=\"https:\/\/citronnature.fr\/wp-content\/uploads\/2025\/02\/Bandeau-voix-managers-1024x215.jpg\" \/>\n<meta name=\"twitter:card\" content=\"summary_large_image\" \/>\n<meta name=\"twitter:label1\" content=\"Dur\u00e9e de lecture estim\u00e9e\" \/>\n\t<meta name=\"twitter:data1\" content=\"4 minutes\" \/>\n<script type=\"application\/ld+json\" class=\"yoast-schema-graph\">{\"@context\":\"https:\/\/schema.org\",\"@graph\":[{\"@type\":\"WebPage\",\"@id\":\"https:\/\/citronnature.fr\/index.php\/la-voix-de-nos-managers\/\",\"url\":\"https:\/\/citronnature.fr\/index.php\/la-voix-de-nos-managers\/\",\"name\":\"La voix de nos managers - CITRON NATURE Management de transition\",\"isPartOf\":{\"@id\":\"https:\/\/citronnature.fr\/#website\"},\"primaryImageOfPage\":{\"@id\":\"https:\/\/citronnature.fr\/index.php\/la-voix-de-nos-managers\/#primaryimage\"},\"image\":{\"@id\":\"https:\/\/citronnature.fr\/index.php\/la-voix-de-nos-managers\/#primaryimage\"},\"thumbnailUrl\":\"https:\/\/citronnature.fr\/wp-content\/uploads\/2025\/02\/Bandeau-voix-managers-1024x215.jpg\",\"datePublished\":\"2025-02-20T16:48:08+00:00\",\"dateModified\":\"2025-05-02T12:19:46+00:00\",\"breadcrumb\":{\"@id\":\"https:\/\/citronnature.fr\/index.php\/la-voix-de-nos-managers\/#breadcrumb\"},\"inLanguage\":\"fr-FR\",\"potentialAction\":[{\"@type\":\"ReadAction\",\"target\":[\"https:\/\/citronnature.fr\/index.php\/la-voix-de-nos-managers\/\"]}]},{\"@type\":\"ImageObject\",\"inLanguage\":\"fr-FR\",\"@id\":\"https:\/\/citronnature.fr\/index.php\/la-voix-de-nos-managers\/#primaryimage\",\"url\":\"https:\/\/citronnature.fr\/wp-content\/uploads\/2025\/02\/Bandeau-voix-managers-scaled.jpg\",\"contentUrl\":\"https:\/\/citronnature.fr\/wp-content\/uploads\/2025\/02\/Bandeau-voix-managers-scaled.jpg\",\"width\":2560,\"height\":539},{\"@type\":\"BreadcrumbList\",\"@id\":\"https:\/\/citronnature.fr\/index.php\/la-voix-de-nos-managers\/#breadcrumb\",\"itemListElement\":[{\"@type\":\"ListItem\",\"position\":1,\"name\":\"Accueil\",\"item\":\"https:\/\/citronnature.fr\/\"},{\"@type\":\"ListItem\",\"position\":2,\"name\":\"La voix de nos managers\"}]},{\"@type\":\"WebSite\",\"@id\":\"https:\/\/citronnature.fr\/#website\",\"url\":\"https:\/\/citronnature.fr\/\",\"name\":\"CITRON NATURE Management de transition\",\"description\":\"\",\"publisher\":{\"@id\":\"https:\/\/citronnature.fr\/#organization\"},\"potentialAction\":[{\"@type\":\"SearchAction\",\"target\":{\"@type\":\"EntryPoint\",\"urlTemplate\":\"https:\/\/citronnature.fr\/?s={search_term_string}\"},\"query-input\":{\"@type\":\"PropertyValueSpecification\",\"valueRequired\":true,\"valueName\":\"search_term_string\"}}],\"inLanguage\":\"fr-FR\"},{\"@type\":\"Organization\",\"@id\":\"https:\/\/citronnature.fr\/#organization\",\"name\":\"CITRON NATURE Management de transition\",\"url\":\"https:\/\/citronnature.fr\/\",\"logo\":{\"@type\":\"ImageObject\",\"inLanguage\":\"fr-FR\",\"@id\":\"https:\/\/citronnature.fr\/#\/schema\/logo\/image\/\",\"url\":\"https:\/\/citronnature.fr\/wp-content\/uploads\/2025\/04\/Logo-test.jpg\",\"contentUrl\":\"https:\/\/citronnature.fr\/wp-content\/uploads\/2025\/04\/Logo-test.jpg\",\"width\":1093,\"height\":264,\"caption\":\"CITRON NATURE Management de transition\"},\"image\":{\"@id\":\"https:\/\/citronnature.fr\/#\/schema\/logo\/image\/\"}}]}<\/script>\n<!-- \/ Yoast SEO plugin. -->","yoast_head_json":{"title":"La voix de nos managers - CITRON NATURE Management de transition","robots":{"index":"index","follow":"follow","max-snippet":"max-snippet:-1","max-image-preview":"max-image-preview:large","max-video-preview":"max-video-preview:-1"},"canonical":"https:\/\/citronnature.fr\/index.php\/la-voix-de-nos-managers\/","og_locale":"fr_FR","og_type":"article","og_title":"La voix de nos managers - CITRON NATURE Management de transition","og_description":"Ils ont particip\u00e9 aux web-ateliers \u00ab J&rsquo;ai d\u00e9couvert le management de transition au travers d&rsquo;un webinar propos\u00e9 par l&rsquo;APEC, Marianne a su r\u00e9sumer en une heure ce que repr\u00e9sente ce domaine d&rsquo;activit\u00e9 et insuffler&nbsp;l&rsquo;envie d&rsquo;en conna\u00eetre un&nbsp;peu plus sur le sujet. Sa formation en 4 \u00e9tapes m&rsquo;a permis de mieux conna\u00eetre les ficelles du m\u00e9tier, [&hellip;]","og_url":"https:\/\/citronnature.fr\/index.php\/la-voix-de-nos-managers\/","og_site_name":"CITRON NATURE Management de transition","article_modified_time":"2025-05-02T12:19:46+00:00","og_image":[{"url":"https:\/\/citronnature.fr\/wp-content\/uploads\/2025\/02\/Bandeau-voix-managers-1024x215.jpg","type":"","width":"","height":""}],"twitter_card":"summary_large_image","twitter_misc":{"Dur\u00e9e de lecture estim\u00e9e":"4 minutes"},"schema":{"@context":"https:\/\/schema.org","@graph":[{"@type":"WebPage","@id":"https:\/\/citronnature.fr\/index.php\/la-voix-de-nos-managers\/","url":"https:\/\/citronnature.fr\/index.php\/la-voix-de-nos-managers\/","name":"La voix de nos managers - CITRON NATURE Management de transition","isPartOf":{"@id":"https:\/\/citronnature.fr\/#website"},"primaryImageOfPage":{"@id":"https:\/\/citronnature.fr\/index.php\/la-voix-de-nos-managers\/#primaryimage"},"image":{"@id":"https:\/\/citronnature.fr\/index.php\/la-voix-de-nos-managers\/#primaryimage"},"thumbnailUrl":"https:\/\/citronnature.fr\/wp-content\/uploads\/2025\/02\/Bandeau-voix-managers-1024x215.jpg","datePublished":"2025-02-20T16:48:08+00:00","dateModified":"2025-05-02T12:19:46+00:00","breadcrumb":{"@id":"https:\/\/citronnature.fr\/index.php\/la-voix-de-nos-managers\/#breadcrumb"},"inLanguage":"fr-FR","potentialAction":[{"@type":"ReadAction","target":["https:\/\/citronnature.fr\/index.php\/la-voix-de-nos-managers\/"]}]},{"@type":"ImageObject","inLanguage":"fr-FR","@id":"https:\/\/citronnature.fr\/index.php\/la-voix-de-nos-managers\/#primaryimage","url":"https:\/\/citronnature.fr\/wp-content\/uploads\/2025\/02\/Bandeau-voix-managers-scaled.jpg","contentUrl":"https:\/\/citronnature.fr\/wp-content\/uploads\/2025\/02\/Bandeau-voix-managers-scaled.jpg","width":2560,"height":539},{"@type":"BreadcrumbList","@id":"https:\/\/citronnature.fr\/index.php\/la-voix-de-nos-managers\/#breadcrumb","itemListElement":[{"@type":"ListItem","position":1,"name":"Accueil","item":"https:\/\/citronnature.fr\/"},{"@type":"ListItem","position":2,"name":"La voix de nos managers"}]},{"@type":"WebSite","@id":"https:\/\/citronnature.fr\/#website","url":"https:\/\/citronnature.fr\/","name":"CITRON NATURE Management de transition","description":"","publisher":{"@id":"https:\/\/citronnature.fr\/#organization"},"potentialAction":[{"@type":"SearchAction","target":{"@type":"EntryPoint","urlTemplate":"https:\/\/citronnature.fr\/?s={search_term_string}"},"query-input":{"@type":"PropertyValueSpecification","valueRequired":true,"valueName":"search_term_string"}}],"inLanguage":"fr-FR"},{"@type":"Organization","@id":"https:\/\/citronnature.fr\/#organization","name":"CITRON NATURE Management de transition","url":"https:\/\/citronnature.fr\/","logo":{"@type":"ImageObject","inLanguage":"fr-FR","@id":"https:\/\/citronnature.fr\/#\/schema\/logo\/image\/","url":"https:\/\/citronnature.fr\/wp-content\/uploads\/2025\/04\/Logo-test.jpg","contentUrl":"https:\/\/citronnature.fr\/wp-content\/uploads\/2025\/04\/Logo-test.jpg","width":1093,"height":264,"caption":"CITRON NATURE Management de transition"},"image":{"@id":"https:\/\/citronnature.fr\/#\/schema\/logo\/image\/"}}]}},"_links":{"self":[{"href":"https:\/\/citronnature.fr\/index.php\/wp-json\/wp\/v2\/pages\/1102","targetHints":{"allow":["GET"]}}],"collection":[{"href":"https:\/\/citronnature.fr\/index.php\/wp-json\/wp\/v2\/pages"}],"about":[{"href":"https:\/\/citronnature.fr\/index.php\/wp-json\/wp\/v2\/types\/page"}],"author":[{"embeddable":true,"href":"https:\/\/citronnature.fr\/index.php\/wp-json\/wp\/v2\/users\/1"}],"replies":[{"embeddable":true,"href":"https:\/\/citronnature.fr\/index.php\/wp-json\/wp\/v2\/comments?post=1102"}],"version-history":[{"count":11,"href":"https:\/\/citronnature.fr\/index.php\/wp-json\/wp\/v2\/pages\/1102\/revisions"}],"predecessor-version":[{"id":1528,"href":"https:\/\/citronnature.fr\/index.php\/wp-json\/wp\/v2\/pages\/1102\/revisions\/1528"}],"wp:attachment":[{"href":"https:\/\/citronnature.fr\/index.php\/wp-json\/wp\/v2\/media?parent=1102"}],"curies":[{"name":"wp","href":"https:\/\/api.w.org\/{rel}","templated":true}]}}