{"id":1050,"date":"2025-02-20T12:23:09","date_gmt":"2025-02-20T11:23:09","guid":{"rendered":"https:\/\/citronnature.fr\/?page_id=1050"},"modified":"2025-05-02T12:54:47","modified_gmt":"2025-05-02T10:54:47","slug":"entreprise","status":"publish","type":"page","link":"https:\/\/citronnature.fr\/index.php\/entreprise\/","title":{"rendered":"Entreprises"},"content":{"rendered":"<div class=\"wp-block-image\">\n<figure class=\"aligncenter size-large\"><img loading=\"lazy\" decoding=\"async\" width=\"1024\" height=\"216\" src=\"https:\/\/citronnature.fr\/wp-content\/uploads\/2025\/02\/Bandeau-entreprises-1024x216.jpg\" alt=\"\" class=\"wp-image-1129\" srcset=\"https:\/\/citronnature.fr\/wp-content\/uploads\/2025\/02\/Bandeau-entreprises-1024x216.jpg 1024w, https:\/\/citronnature.fr\/wp-content\/uploads\/2025\/02\/Bandeau-entreprises-300x63.jpg 300w, https:\/\/citronnature.fr\/wp-content\/uploads\/2025\/02\/Bandeau-entreprises-768x162.jpg 768w, https:\/\/citronnature.fr\/wp-content\/uploads\/2025\/02\/Bandeau-entreprises-1536x324.jpg 1536w, https:\/\/citronnature.fr\/wp-content\/uploads\/2025\/02\/Bandeau-entreprises-2048x432.jpg 2048w\" sizes=\"auto, (max-width: 1024px) 100vw, 1024px\" \/><\/figure><\/div>\n\n\n<div style=\"height:70px\" aria-hidden=\"true\" class=\"wp-block-spacer\"><\/div>\n\n\n\n<h2 class=\"wp-block-heading\"><mark style=\"background-color:rgba(0, 0, 0, 0)\" class=\"has-inline-color has-vivid-cyan-blue-color\">CITRON NATURE Management de Transition<\/mark> : le 1er cabinet 100% management de transition en Champagne-Ardenne !<\/h2>\n\n\n\n<div style=\"height:30px\" aria-hidden=\"true\" class=\"wp-block-spacer\"><\/div>\n\n\n\n<p>Si le contexte de votre entreprise n\u00e9cessite&nbsp;<strong>une aide externe et temporaire<\/strong>&nbsp;pour atteindre ses objectifs, nous sommes l\u00e0 pour vous accompagner.<\/p>\n\n\n\n<p><strong>Entreprises<\/strong>&nbsp;en difficult\u00e9,&nbsp;<strong>management relais<\/strong>&nbsp;pour compenser des postes momentan\u00e9ment vacants,&nbsp;<strong>pilotage de projets&nbsp;<\/strong>complexes ou encore&nbsp;<strong>conduite du changement&nbsp;<\/strong>organisationnel,&nbsp;<mark style=\"background-color:rgba(0, 0, 0, 0)\" class=\"has-inline-color has-vivid-cyan-blue-color\"><strong>CITRON NATURE Management de Transition<\/strong><\/mark> s\u2019attache \u00e0 cr\u00e9er l\u2019\u00e9quilibre id\u00e9al entre votre contexte et le manager de transition op\u00e9rationnel et imm\u00e9diatement disponible pour faire de cette collaboration un succ\u00e8s.<\/p>\n\n\n\n<p>Nous nous engageons \u00e0 mobiliser nos&nbsp;managers de transition&nbsp;experts \u00e0 m\u00eame<br>&#8211; d\u2019identifier les axes strat\u00e9giques prioritaires<br>&#8211; de d\u00e9finir l\u2019organisation cible<br>&#8211; puis d\u2019assurer ensuite sa mise en \u0153uvre op\u00e9rationnelle.<\/p>\n\n\n\n<p>Ils&nbsp;sauront naviguer efficacement \u00e0 travers vos d\u00e9fis strat\u00e9giques et op\u00e9rationnels, assurant ainsi la&nbsp;continuit\u00e9, la performance&nbsp;et la&nbsp;r\u00e9ussite&nbsp;de vos projets.<\/p>\n\n\n\n<p><strong><mark style=\"background-color:rgba(0, 0, 0, 0)\" class=\"has-inline-color has-vivid-cyan-blue-color\">CITRON NATURE Management de Transition<\/mark><\/strong> est capable d\u2019accompagner toutes les entreprises dans leurs projets de transformation en mettant \u00e0 leur disposition et tr\u00e8s rapidement ces managers exp\u00e9riment\u00e9s au meilleur co\u00fbt du march\u00e9.<\/p>\n\n\n\n<p>Notre&nbsp;engagement est de valoriser chaque projet avec une vision claire, pragmatique et tourn\u00e9e vers l\u2019action, en favorisant une culture d\u2019\u00e9quipe dynamique et surtout collaborative.<\/p>\n\n\n\n<p>Enfin, <strong><mark style=\"background-color:rgba(0, 0, 0, 0)\" class=\"has-inline-color has-vivid-cyan-blue-color\">CITRON NATURE Management de Transition <\/mark><\/strong>s&rsquo;implique personnellement par un accompagnement sur mesure \u00e0 l\u2019intervention op\u00e9rationnelle du manager de transition, tant dans le suivi de son action que dans la relation avec l\u2019entreprise<\/p>\n\n\n\n<p>Quels&nbsp;que soient vos enjeux, la taille de votre entreprise, la nature de vos activit\u00e9s, nous trouverons le manager de transition dont vous avez besoin.<\/p>\n\n\n\n<p>Votre objectif deviendra ainsi le n\u00f4tre&nbsp;: de la strat\u00e9gie \u00e0 la mise en place op\u00e9rationnelle, \u00ab&nbsp;<strong>comprendre et agir vite pour r\u00e9ussir ensemble<\/strong>&nbsp;\u00bb vos transformations.<\/p>\n\n\n\n<div style=\"height:45px\" aria-hidden=\"true\" class=\"wp-block-spacer\"><\/div>\n\n\n<div class=\"wp-block-image\">\n<figure class=\"aligncenter size-full\"><a href=\"https:\/\/citronnature.fr\/index.php\/contact\/\"><img loading=\"lazy\" decoding=\"async\" width=\"341\" height=\"83\" src=\"https:\/\/citronnature.fr\/wp-content\/uploads\/2025\/05\/Bouton-Votre-projet.jpg\" alt=\"\" class=\"wp-image-1493\" srcset=\"https:\/\/citronnature.fr\/wp-content\/uploads\/2025\/05\/Bouton-Votre-projet.jpg 341w, https:\/\/citronnature.fr\/wp-content\/uploads\/2025\/05\/Bouton-Votre-projet-300x73.jpg 300w\" sizes=\"auto, (max-width: 341px) 100vw, 341px\" \/><\/a><\/figure><\/div>","protected":false},"excerpt":{"rendered":"<p>CITRON NATURE Management de Transition : le 1er cabinet 100% management de transition en Champagne-Ardenne ! Si le contexte de votre entreprise n\u00e9cessite&nbsp;une aide externe et temporaire&nbsp;pour atteindre ses objectifs, nous sommes l\u00e0 pour vous accompagner. Entreprises&nbsp;en difficult\u00e9,&nbsp;management relais&nbsp;pour compenser des postes momentan\u00e9ment vacants,&nbsp;pilotage de projets&nbsp;complexes ou encore&nbsp;conduite du changement&nbsp;organisationnel,&nbsp;CITRON NATURE Management de Transition s\u2019attache [&hellip;]<\/p>\n","protected":false},"author":1,"featured_media":0,"parent":0,"menu_order":0,"comment_status":"closed","ping_status":"closed","template":"","meta":{"footnotes":""},"class_list":["post-1050","page","type-page","status-publish","hentry"],"yoast_head":"<!-- This site is optimized with the Yoast SEO plugin v25.4 - https:\/\/yoast.com\/wordpress\/plugins\/seo\/ -->\n<title>Entreprises - CITRON NATURE Management de transition<\/title>\n<meta name=\"robots\" content=\"index, follow, max-snippet:-1, max-image-preview:large, max-video-preview:-1\" \/>\n<link rel=\"canonical\" href=\"https:\/\/citronnature.fr\/index.php\/entreprise\/\" \/>\n<meta property=\"og:locale\" content=\"fr_FR\" \/>\n<meta property=\"og:type\" content=\"article\" \/>\n<meta property=\"og:title\" content=\"Entreprises - CITRON NATURE Management de transition\" \/>\n<meta property=\"og:description\" content=\"CITRON NATURE Management de Transition : le 1er cabinet 100% management de transition en Champagne-Ardenne ! Si le contexte de votre entreprise n\u00e9cessite&nbsp;une aide externe et temporaire&nbsp;pour atteindre ses objectifs, nous sommes l\u00e0 pour vous accompagner. Entreprises&nbsp;en difficult\u00e9,&nbsp;management relais&nbsp;pour compenser des postes momentan\u00e9ment vacants,&nbsp;pilotage de projets&nbsp;complexes ou encore&nbsp;conduite du changement&nbsp;organisationnel,&nbsp;CITRON NATURE Management de Transition s\u2019attache [&hellip;]\" \/>\n<meta property=\"og:url\" content=\"https:\/\/citronnature.fr\/index.php\/entreprise\/\" \/>\n<meta property=\"og:site_name\" content=\"CITRON NATURE Management de transition\" \/>\n<meta property=\"article:modified_time\" content=\"2025-05-02T10:54:47+00:00\" \/>\n<meta property=\"og:image\" content=\"https:\/\/citronnature.fr\/wp-content\/uploads\/2025\/02\/Bandeau-entreprises-1024x216.jpg\" \/>\n<meta name=\"twitter:card\" content=\"summary_large_image\" \/>\n<meta name=\"twitter:label1\" content=\"Dur\u00e9e de lecture estim\u00e9e\" \/>\n\t<meta name=\"twitter:data1\" content=\"2 minutes\" \/>\n<script type=\"application\/ld+json\" class=\"yoast-schema-graph\">{\"@context\":\"https:\/\/schema.org\",\"@graph\":[{\"@type\":\"WebPage\",\"@id\":\"https:\/\/citronnature.fr\/index.php\/entreprise\/\",\"url\":\"https:\/\/citronnature.fr\/index.php\/entreprise\/\",\"name\":\"Entreprises - CITRON NATURE Management de transition\",\"isPartOf\":{\"@id\":\"https:\/\/citronnature.fr\/#website\"},\"primaryImageOfPage\":{\"@id\":\"https:\/\/citronnature.fr\/index.php\/entreprise\/#primaryimage\"},\"image\":{\"@id\":\"https:\/\/citronnature.fr\/index.php\/entreprise\/#primaryimage\"},\"thumbnailUrl\":\"https:\/\/citronnature.fr\/wp-content\/uploads\/2025\/02\/Bandeau-entreprises-1024x216.jpg\",\"datePublished\":\"2025-02-20T11:23:09+00:00\",\"dateModified\":\"2025-05-02T10:54:47+00:00\",\"breadcrumb\":{\"@id\":\"https:\/\/citronnature.fr\/index.php\/entreprise\/#breadcrumb\"},\"inLanguage\":\"fr-FR\",\"potentialAction\":[{\"@type\":\"ReadAction\",\"target\":[\"https:\/\/citronnature.fr\/index.php\/entreprise\/\"]}]},{\"@type\":\"ImageObject\",\"inLanguage\":\"fr-FR\",\"@id\":\"https:\/\/citronnature.fr\/index.php\/entreprise\/#primaryimage\",\"url\":\"https:\/\/citronnature.fr\/wp-content\/uploads\/2025\/02\/Bandeau-entreprises-scaled.jpg\",\"contentUrl\":\"https:\/\/citronnature.fr\/wp-content\/uploads\/2025\/02\/Bandeau-entreprises-scaled.jpg\",\"width\":2560,\"height\":540},{\"@type\":\"BreadcrumbList\",\"@id\":\"https:\/\/citronnature.fr\/index.php\/entreprise\/#breadcrumb\",\"itemListElement\":[{\"@type\":\"ListItem\",\"position\":1,\"name\":\"Accueil\",\"item\":\"https:\/\/citronnature.fr\/\"},{\"@type\":\"ListItem\",\"position\":2,\"name\":\"Entreprises\"}]},{\"@type\":\"WebSite\",\"@id\":\"https:\/\/citronnature.fr\/#website\",\"url\":\"https:\/\/citronnature.fr\/\",\"name\":\"CITRON NATURE Management de transition\",\"description\":\"\",\"publisher\":{\"@id\":\"https:\/\/citronnature.fr\/#organization\"},\"potentialAction\":[{\"@type\":\"SearchAction\",\"target\":{\"@type\":\"EntryPoint\",\"urlTemplate\":\"https:\/\/citronnature.fr\/?s={search_term_string}\"},\"query-input\":{\"@type\":\"PropertyValueSpecification\",\"valueRequired\":true,\"valueName\":\"search_term_string\"}}],\"inLanguage\":\"fr-FR\"},{\"@type\":\"Organization\",\"@id\":\"https:\/\/citronnature.fr\/#organization\",\"name\":\"CITRON NATURE Management de transition\",\"url\":\"https:\/\/citronnature.fr\/\",\"logo\":{\"@type\":\"ImageObject\",\"inLanguage\":\"fr-FR\",\"@id\":\"https:\/\/citronnature.fr\/#\/schema\/logo\/image\/\",\"url\":\"https:\/\/citronnature.fr\/wp-content\/uploads\/2025\/04\/Logo-test.jpg\",\"contentUrl\":\"https:\/\/citronnature.fr\/wp-content\/uploads\/2025\/04\/Logo-test.jpg\",\"width\":1093,\"height\":264,\"caption\":\"CITRON NATURE Management de transition\"},\"image\":{\"@id\":\"https:\/\/citronnature.fr\/#\/schema\/logo\/image\/\"}}]}<\/script>\n<!-- \/ Yoast SEO plugin. -->","yoast_head_json":{"title":"Entreprises - CITRON NATURE Management de transition","robots":{"index":"index","follow":"follow","max-snippet":"max-snippet:-1","max-image-preview":"max-image-preview:large","max-video-preview":"max-video-preview:-1"},"canonical":"https:\/\/citronnature.fr\/index.php\/entreprise\/","og_locale":"fr_FR","og_type":"article","og_title":"Entreprises - CITRON NATURE Management de transition","og_description":"CITRON NATURE Management de Transition : le 1er cabinet 100% management de transition en Champagne-Ardenne ! Si le contexte de votre entreprise n\u00e9cessite&nbsp;une aide externe et temporaire&nbsp;pour atteindre ses objectifs, nous sommes l\u00e0 pour vous accompagner. Entreprises&nbsp;en difficult\u00e9,&nbsp;management relais&nbsp;pour compenser des postes momentan\u00e9ment vacants,&nbsp;pilotage de projets&nbsp;complexes ou encore&nbsp;conduite du changement&nbsp;organisationnel,&nbsp;CITRON NATURE Management de Transition s\u2019attache [&hellip;]","og_url":"https:\/\/citronnature.fr\/index.php\/entreprise\/","og_site_name":"CITRON NATURE Management de transition","article_modified_time":"2025-05-02T10:54:47+00:00","og_image":[{"url":"https:\/\/citronnature.fr\/wp-content\/uploads\/2025\/02\/Bandeau-entreprises-1024x216.jpg","type":"","width":"","height":""}],"twitter_card":"summary_large_image","twitter_misc":{"Dur\u00e9e de lecture estim\u00e9e":"2 minutes"},"schema":{"@context":"https:\/\/schema.org","@graph":[{"@type":"WebPage","@id":"https:\/\/citronnature.fr\/index.php\/entreprise\/","url":"https:\/\/citronnature.fr\/index.php\/entreprise\/","name":"Entreprises - CITRON NATURE Management de transition","isPartOf":{"@id":"https:\/\/citronnature.fr\/#website"},"primaryImageOfPage":{"@id":"https:\/\/citronnature.fr\/index.php\/entreprise\/#primaryimage"},"image":{"@id":"https:\/\/citronnature.fr\/index.php\/entreprise\/#primaryimage"},"thumbnailUrl":"https:\/\/citronnature.fr\/wp-content\/uploads\/2025\/02\/Bandeau-entreprises-1024x216.jpg","datePublished":"2025-02-20T11:23:09+00:00","dateModified":"2025-05-02T10:54:47+00:00","breadcrumb":{"@id":"https:\/\/citronnature.fr\/index.php\/entreprise\/#breadcrumb"},"inLanguage":"fr-FR","potentialAction":[{"@type":"ReadAction","target":["https:\/\/citronnature.fr\/index.php\/entreprise\/"]}]},{"@type":"ImageObject","inLanguage":"fr-FR","@id":"https:\/\/citronnature.fr\/index.php\/entreprise\/#primaryimage","url":"https:\/\/citronnature.fr\/wp-content\/uploads\/2025\/02\/Bandeau-entreprises-scaled.jpg","contentUrl":"https:\/\/citronnature.fr\/wp-content\/uploads\/2025\/02\/Bandeau-entreprises-scaled.jpg","width":2560,"height":540},{"@type":"BreadcrumbList","@id":"https:\/\/citronnature.fr\/index.php\/entreprise\/#breadcrumb","itemListElement":[{"@type":"ListItem","position":1,"name":"Accueil","item":"https:\/\/citronnature.fr\/"},{"@type":"ListItem","position":2,"name":"Entreprises"}]},{"@type":"WebSite","@id":"https:\/\/citronnature.fr\/#website","url":"https:\/\/citronnature.fr\/","name":"CITRON NATURE Management de transition","description":"","publisher":{"@id":"https:\/\/citronnature.fr\/#organization"},"potentialAction":[{"@type":"SearchAction","target":{"@type":"EntryPoint","urlTemplate":"https:\/\/citronnature.fr\/?s={search_term_string}"},"query-input":{"@type":"PropertyValueSpecification","valueRequired":true,"valueName":"search_term_string"}}],"inLanguage":"fr-FR"},{"@type":"Organization","@id":"https:\/\/citronnature.fr\/#organization","name":"CITRON NATURE Management de transition","url":"https:\/\/citronnature.fr\/","logo":{"@type":"ImageObject","inLanguage":"fr-FR","@id":"https:\/\/citronnature.fr\/#\/schema\/logo\/image\/","url":"https:\/\/citronnature.fr\/wp-content\/uploads\/2025\/04\/Logo-test.jpg","contentUrl":"https:\/\/citronnature.fr\/wp-content\/uploads\/2025\/04\/Logo-test.jpg","width":1093,"height":264,"caption":"CITRON NATURE Management de transition"},"image":{"@id":"https:\/\/citronnature.fr\/#\/schema\/logo\/image\/"}}]}},"_links":{"self":[{"href":"https:\/\/citronnature.fr\/index.php\/wp-json\/wp\/v2\/pages\/1050","targetHints":{"allow":["GET"]}}],"collection":[{"href":"https:\/\/citronnature.fr\/index.php\/wp-json\/wp\/v2\/pages"}],"about":[{"href":"https:\/\/citronnature.fr\/index.php\/wp-json\/wp\/v2\/types\/page"}],"author":[{"embeddable":true,"href":"https:\/\/citronnature.fr\/index.php\/wp-json\/wp\/v2\/users\/1"}],"replies":[{"embeddable":true,"href":"https:\/\/citronnature.fr\/index.php\/wp-json\/wp\/v2\/comments?post=1050"}],"version-history":[{"count":20,"href":"https:\/\/citronnature.fr\/index.php\/wp-json\/wp\/v2\/pages\/1050\/revisions"}],"predecessor-version":[{"id":1495,"href":"https:\/\/citronnature.fr\/index.php\/wp-json\/wp\/v2\/pages\/1050\/revisions\/1495"}],"wp:attachment":[{"href":"https:\/\/citronnature.fr\/index.php\/wp-json\/wp\/v2\/media?parent=1050"}],"curies":[{"name":"wp","href":"https:\/\/api.w.org\/{rel}","templated":true}]}}